{"id":1170,"date":"2024-07-21T21:58:42","date_gmt":"2024-07-21T20:58:42","guid":{"rendered":"https:\/\/www.triatlonpalmaces.com\/?page_id=1170"},"modified":"2025-07-24T19:36:06","modified_gmt":"2025-07-24T18:36:06","slug":"guia-2024","status":"publish","type":"page","link":"https:\/\/www.triatlonpalmaces.com\/?page_id=1170","title":{"rendered":"Gu\u00eda del triatleta 2025"},"content":{"rendered":"\n<p>Desde la organizaci\u00f3n del Triatl\u00f3n de P\u00e1lmaces, hemos preparado una gu\u00eda completa con informaci\u00f3n relevante sobre la prueba.<\/p>\n\n\n\n<h2 class=\"wp-block-heading has-body-font-family has-large-font-size\">\u00bfQu\u00e9 encontrar\u00e1s en esta gu\u00eda para competidores?<\/h2>\n\n\n\n<ul class=\"wp-block-list\">\n<li>Horarios<\/li>\n\n\n\n<li>Ubicaciones destacadas<\/li>\n\n\n\n<li>Aparcamientos<\/li>\n\n\n\n<li>Zonas de transici\u00f3n<\/li>\n\n\n\n<li>Circuitos y recorrido<\/li>\n\n\n\n<li>Avituallamientos<\/li>\n\n\n\n<li>Post-meta<\/li>\n\n\n\n<li>Informaci\u00f3n sobre las categor\u00edas<\/li>\n\n\n\n<li>Alojamientos<\/li>\n\n\n\n<li>Tiempos de corte<\/li>\n<\/ul>\n\n\n\n<p>Pincha <a href=\"https:\/\/www.triatlonpalmaces.com\/wp-content\/uploads\/2025\/07\/GUIA-TRIATLON-PALMACES-2025.pdf\" target=\"_blank\" rel=\"noreferrer noopener\">aqu\u00ed<\/a> para descargar:<\/p>\n\n\n\n<figure class=\"wp-block-image size-large is-resized\"><a href=\"https:\/\/www.triatlonpalmaces.com\/wp-content\/uploads\/2025\/07\/GUIA-TRIATLON-PALMACES-2025.pdf\" target=\"_blank\" rel=\"noreferrer noopener\"><img loading=\"lazy\" decoding=\"async\" width=\"724\" height=\"1024\" src=\"https:\/\/www.triatlonpalmaces.com\/wp-content\/uploads\/2025\/07\/PORTADA-GUIA-TRIATLON-PALMACES-\u00b425-724x1024.png\" alt=\"\" class=\"wp-image-1947\" style=\"width:196px;height:auto\" srcset=\"https:\/\/www.triatlonpalmaces.com\/wp-content\/uploads\/2025\/07\/PORTADA-GUIA-TRIATLON-PALMACES-\u00b425-724x1024.png 724w, https:\/\/www.triatlonpalmaces.com\/wp-content\/uploads\/2025\/07\/PORTADA-GUIA-TRIATLON-PALMACES-\u00b425-212x300.png 212w, https:\/\/www.triatlonpalmaces.com\/wp-content\/uploads\/2025\/07\/PORTADA-GUIA-TRIATLON-PALMACES-\u00b425-768x1086.png 768w, https:\/\/www.triatlonpalmaces.com\/wp-content\/uploads\/2025\/07\/PORTADA-GUIA-TRIATLON-PALMACES-\u00b425-1086x1536.png 1086w, https:\/\/www.triatlonpalmaces.com\/wp-content\/uploads\/2025\/07\/PORTADA-GUIA-TRIATLON-PALMACES-\u00b425.png 1414w\" sizes=\"auto, (max-width: 724px) 100vw, 724px\" \/><\/a><\/figure>\n","protected":false},"excerpt":{"rendered":"<p>Desde la organizaci\u00f3n del Triatl\u00f3n de P\u00e1lmaces, hemos preparado una gu\u00eda completa con informaci\u00f3n relevante sobre la prueba. \u00bfQu\u00e9 encontrar\u00e1s en esta gu\u00eda para competidores? Pincha aqu\u00ed para descargar:<\/p>\n","protected":false},"author":3,"featured_media":0,"parent":43,"menu_order":1,"comment_status":"closed","ping_status":"closed","template":"","meta":{"_monsterinsights_skip_tracking":false,"_monsterinsights_sitenote_active":false,"_monsterinsights_sitenote_note":"","_monsterinsights_sitenote_category":0,"footnotes":""},"class_list":["post-1170","page","type-page","status-publish","hentry"],"aioseo_notices":[],"yoast_head":"<!-- This site is optimized with the Yoast SEO plugin v23.2 - https:\/\/yoast.com\/wordpress\/plugins\/seo\/ -->\n<title>Gu\u00eda del triatleta 2025 - Triatl\u00f3n de P\u00e1lmaces<\/title>\n<meta name=\"robots\" content=\"index, follow, max-snippet:-1, max-image-preview:large, max-video-preview:-1\" \/>\n<link rel=\"canonical\" href=\"https:\/\/www.triatlonpalmaces.com\/?page_id=1170\" \/>\n<meta property=\"og:locale\" content=\"es_ES\" \/>\n<meta property=\"og:type\" content=\"article\" \/>\n<meta property=\"og:title\" content=\"Gu\u00eda del triatleta 2025 - Triatl\u00f3n de P\u00e1lmaces\" \/>\n<meta property=\"og:description\" content=\"Desde la organizaci\u00f3n del Triatl\u00f3n de P\u00e1lmaces, hemos preparado una gu\u00eda completa con informaci\u00f3n relevante sobre la prueba. \u00bfQu\u00e9 encontrar\u00e1s en esta gu\u00eda para competidores? Pincha aqu\u00ed para descargar:\" \/>\n<meta property=\"og:url\" content=\"https:\/\/www.triatlonpalmaces.com\/?page_id=1170\" \/>\n<meta property=\"og:site_name\" content=\"Triatl\u00f3n de P\u00e1lmaces\" \/>\n<meta property=\"article:modified_time\" content=\"2025-07-24T18:36:06+00:00\" \/>\n<meta name=\"twitter:card\" content=\"summary_large_image\" \/>\n<meta name=\"twitter:label1\" content=\"Tiempo de lectura\" \/>\n\t<meta name=\"twitter:data1\" content=\"1 minuto\" \/>\n<script type=\"application\/ld+json\" class=\"yoast-schema-graph\">{\"@context\":\"https:\/\/schema.org\",\"@graph\":[{\"@type\":\"WebPage\",\"@id\":\"https:\/\/www.triatlonpalmaces.com\/?page_id=1170\",\"url\":\"https:\/\/www.triatlonpalmaces.com\/?page_id=1170\",\"name\":\"Gu\u00eda del triatleta 2025 - Triatl\u00f3n de P\u00e1lmaces\",\"isPartOf\":{\"@id\":\"https:\/\/www.triatlonpalmaces.com\/#website\"},\"datePublished\":\"2024-07-21T20:58:42+00:00\",\"dateModified\":\"2025-07-24T18:36:06+00:00\",\"breadcrumb\":{\"@id\":\"https:\/\/www.triatlonpalmaces.com\/?page_id=1170#breadcrumb\"},\"inLanguage\":\"es\",\"potentialAction\":[{\"@type\":\"ReadAction\",\"target\":[\"https:\/\/www.triatlonpalmaces.com\/?page_id=1170\"]}]},{\"@type\":\"BreadcrumbList\",\"@id\":\"https:\/\/www.triatlonpalmaces.com\/?page_id=1170#breadcrumb\",\"itemListElement\":[{\"@type\":\"ListItem\",\"position\":1,\"name\":\"Portada\",\"item\":\"https:\/\/www.triatlonpalmaces.com\/\"},{\"@type\":\"ListItem\",\"position\":2,\"name\":\"Informaci\u00f3n\",\"item\":\"https:\/\/www.triatlonpalmaces.com\/?page_id=43\"},{\"@type\":\"ListItem\",\"position\":3,\"name\":\"Gu\u00eda del triatleta 2025\"}]},{\"@type\":\"WebSite\",\"@id\":\"https:\/\/www.triatlonpalmaces.com\/#website\",\"url\":\"https:\/\/www.triatlonpalmaces.com\/\",\"name\":\"Triatl\u00f3n de P\u00e1lmaces\",\"description\":\"Web oficial del Triatl\u00f3n y de la Traves\u00eda de P\u00e1lmaces, y del Trail del Picozo\",\"publisher\":{\"@id\":\"https:\/\/www.triatlonpalmaces.com\/#organization\"},\"potentialAction\":[{\"@type\":\"SearchAction\",\"target\":{\"@type\":\"EntryPoint\",\"urlTemplate\":\"https:\/\/www.triatlonpalmaces.com\/?s={search_term_string}\"},\"query-input\":\"required name=search_term_string\"}],\"inLanguage\":\"es\"},{\"@type\":\"Organization\",\"@id\":\"https:\/\/www.triatlonpalmaces.com\/#organization\",\"name\":\"Triatl\u00f3n de P\u00e1lmaces\",\"url\":\"https:\/\/www.triatlonpalmaces.com\/\",\"logo\":{\"@type\":\"ImageObject\",\"inLanguage\":\"es\",\"@id\":\"https:\/\/www.triatlonpalmaces.com\/#\/schema\/logo\/image\/\",\"url\":\"https:\/\/www.triatlonpalmaces.com\/wp-content\/uploads\/2024\/09\/LOGO-MINIATURA-WEB-BLANCO.png\",\"contentUrl\":\"https:\/\/www.triatlonpalmaces.com\/wp-content\/uploads\/2024\/09\/LOGO-MINIATURA-WEB-BLANCO.png\",\"width\":853,\"height\":903,\"caption\":\"Triatl\u00f3n de P\u00e1lmaces\"},\"image\":{\"@id\":\"https:\/\/www.triatlonpalmaces.com\/#\/schema\/logo\/image\/\"}}]}<\/script>\n<!-- \/ Yoast SEO plugin. -->","yoast_head_json":{"title":"Gu\u00eda del triatleta 2025 - Triatl\u00f3n de P\u00e1lmaces","robots":{"index":"index","follow":"follow","max-snippet":"max-snippet:-1","max-image-preview":"max-image-preview:large","max-video-preview":"max-video-preview:-1"},"canonical":"https:\/\/www.triatlonpalmaces.com\/?page_id=1170","og_locale":"es_ES","og_type":"article","og_title":"Gu\u00eda del triatleta 2025 - Triatl\u00f3n de P\u00e1lmaces","og_description":"Desde la organizaci\u00f3n del Triatl\u00f3n de P\u00e1lmaces, hemos preparado una gu\u00eda completa con informaci\u00f3n relevante sobre la prueba. \u00bfQu\u00e9 encontrar\u00e1s en esta gu\u00eda para competidores? Pincha aqu\u00ed para descargar:","og_url":"https:\/\/www.triatlonpalmaces.com\/?page_id=1170","og_site_name":"Triatl\u00f3n de P\u00e1lmaces","article_modified_time":"2025-07-24T18:36:06+00:00","twitter_card":"summary_large_image","twitter_misc":{"Tiempo de lectura":"1 minuto"},"schema":{"@context":"https:\/\/schema.org","@graph":[{"@type":"WebPage","@id":"https:\/\/www.triatlonpalmaces.com\/?page_id=1170","url":"https:\/\/www.triatlonpalmaces.com\/?page_id=1170","name":"Gu\u00eda del triatleta 2025 - Triatl\u00f3n de P\u00e1lmaces","isPartOf":{"@id":"https:\/\/www.triatlonpalmaces.com\/#website"},"datePublished":"2024-07-21T20:58:42+00:00","dateModified":"2025-07-24T18:36:06+00:00","breadcrumb":{"@id":"https:\/\/www.triatlonpalmaces.com\/?page_id=1170#breadcrumb"},"inLanguage":"es","potentialAction":[{"@type":"ReadAction","target":["https:\/\/www.triatlonpalmaces.com\/?page_id=1170"]}]},{"@type":"BreadcrumbList","@id":"https:\/\/www.triatlonpalmaces.com\/?page_id=1170#breadcrumb","itemListElement":[{"@type":"ListItem","position":1,"name":"Portada","item":"https:\/\/www.triatlonpalmaces.com\/"},{"@type":"ListItem","position":2,"name":"Informaci\u00f3n","item":"https:\/\/www.triatlonpalmaces.com\/?page_id=43"},{"@type":"ListItem","position":3,"name":"Gu\u00eda del triatleta 2025"}]},{"@type":"WebSite","@id":"https:\/\/www.triatlonpalmaces.com\/#website","url":"https:\/\/www.triatlonpalmaces.com\/","name":"Triatl\u00f3n de P\u00e1lmaces","description":"Web oficial del Triatl\u00f3n y de la Traves\u00eda de P\u00e1lmaces, y del Trail del Picozo","publisher":{"@id":"https:\/\/www.triatlonpalmaces.com\/#organization"},"potentialAction":[{"@type":"SearchAction","target":{"@type":"EntryPoint","urlTemplate":"https:\/\/www.triatlonpalmaces.com\/?s={search_term_string}"},"query-input":"required name=search_term_string"}],"inLanguage":"es"},{"@type":"Organization","@id":"https:\/\/www.triatlonpalmaces.com\/#organization","name":"Triatl\u00f3n de P\u00e1lmaces","url":"https:\/\/www.triatlonpalmaces.com\/","logo":{"@type":"ImageObject","inLanguage":"es","@id":"https:\/\/www.triatlonpalmaces.com\/#\/schema\/logo\/image\/","url":"https:\/\/www.triatlonpalmaces.com\/wp-content\/uploads\/2024\/09\/LOGO-MINIATURA-WEB-BLANCO.png","contentUrl":"https:\/\/www.triatlonpalmaces.com\/wp-content\/uploads\/2024\/09\/LOGO-MINIATURA-WEB-BLANCO.png","width":853,"height":903,"caption":"Triatl\u00f3n de P\u00e1lmaces"},"image":{"@id":"https:\/\/www.triatlonpalmaces.com\/#\/schema\/logo\/image\/"}}]}},"_links":{"self":[{"href":"https:\/\/www.triatlonpalmaces.com\/index.php?rest_route=\/wp\/v2\/pages\/1170","targetHints":{"allow":["GET"]}}],"collection":[{"href":"https:\/\/www.triatlonpalmaces.com\/index.php?rest_route=\/wp\/v2\/pages"}],"about":[{"href":"https:\/\/www.triatlonpalmaces.com\/index.php?rest_route=\/wp\/v2\/types\/page"}],"author":[{"embeddable":true,"href":"https:\/\/www.triatlonpalmaces.com\/index.php?rest_route=\/wp\/v2\/users\/3"}],"replies":[{"embeddable":true,"href":"https:\/\/www.triatlonpalmaces.com\/index.php?rest_route=%2Fwp%2Fv2%2Fcomments&post=1170"}],"version-history":[{"count":9,"href":"https:\/\/www.triatlonpalmaces.com\/index.php?rest_route=\/wp\/v2\/pages\/1170\/revisions"}],"predecessor-version":[{"id":1948,"href":"https:\/\/www.triatlonpalmaces.com\/index.php?rest_route=\/wp\/v2\/pages\/1170\/revisions\/1948"}],"up":[{"embeddable":true,"href":"https:\/\/www.triatlonpalmaces.com\/index.php?rest_route=\/wp\/v2\/pages\/43"}],"wp:attachment":[{"href":"https:\/\/www.triatlonpalmaces.com\/index.php?rest_route=%2Fwp%2Fv2%2Fmedia&parent=1170"}],"curies":[{"name":"wp","href":"https:\/\/api.w.org\/{rel}","templated":true}]}}