{"id":167,"date":"2022-06-02T16:47:58","date_gmt":"2022-06-02T15:47:58","guid":{"rendered":"https:\/\/www.triatlonpalmaces.com\/?page_id=167"},"modified":"2025-08-04T11:53:44","modified_gmt":"2025-08-04T10:53:44","slug":"inscripciones","status":"publish","type":"page","link":"https:\/\/www.triatlonpalmaces.com\/?page_id=167","title":{"rendered":"Inscripciones"},"content":{"rendered":"\n<p>La edici\u00f3n de 2025 ya se ha celebrado.<\/p>\n\n\n\n<div style=\"height:8px\" aria-hidden=\"true\" class=\"wp-block-spacer\"><\/div>\n\n\n\n<div class=\"wp-block-buttons is-horizontal is-content-justification-center is-layout-flex wp-container-core-buttons-is-layout-99b379d5 wp-block-buttons-is-layout-flex\" style=\"margin-top:0;margin-bottom:0;padding-right:var(--wp--preset--spacing--20);padding-left:var(--wp--preset--spacing--20)\">\n<div class=\"wp-block-button\"><a class=\"wp-block-button__link wp-element-button\" href=\"https:\/\/www.triatlonpalmaces.com\/?page_id=170\">inscripciones<\/a><\/div>\n\n\n\n<div class=\"wp-block-button\"><a class=\"wp-block-button__link wp-element-button\" href=\"https:\/\/www.triatlonpalmaces.com\/?page_id=198\">listado de inscritos<\/a><\/div>\n<\/div>\n\n\n\n<div class=\"wp-block-buttons is-content-justification-center is-layout-flex wp-container-core-buttons-is-layout-a89b3969 wp-block-buttons-is-layout-flex\">\n<div class=\"wp-block-button\"><a class=\"wp-block-button__link wp-element-button\" href=\"https:\/\/www.triatlonpalmaces.com\/?page_id=1834\">ver maillot<\/a><\/div>\n<\/div>\n","protected":false},"excerpt":{"rendered":"<p>La edici\u00f3n de 2025 ya se ha celebrado.<\/p>\n","protected":false},"author":1,"featured_media":0,"parent":0,"menu_order":2,"comment_status":"closed","ping_status":"closed","template":"","meta":{"_monsterinsights_skip_tracking":false,"_monsterinsights_sitenote_active":false,"_monsterinsights_sitenote_note":"","_monsterinsights_sitenote_category":0,"footnotes":""},"class_list":["post-167","page","type-page","status-publish","hentry"],"aioseo_notices":[],"yoast_head":"<!-- This site is optimized with the Yoast SEO plugin v23.2 - https:\/\/yoast.com\/wordpress\/plugins\/seo\/ -->\n<title>Inscripciones - Triatl\u00f3n de P\u00e1lmaces<\/title>\n<meta name=\"robots\" content=\"index, follow, max-snippet:-1, max-image-preview:large, max-video-preview:-1\" \/>\n<link rel=\"canonical\" href=\"https:\/\/www.triatlonpalmaces.com\/?page_id=167\" \/>\n<meta property=\"og:locale\" content=\"es_ES\" \/>\n<meta property=\"og:type\" content=\"article\" \/>\n<meta property=\"og:title\" content=\"Inscripciones - Triatl\u00f3n de P\u00e1lmaces\" \/>\n<meta property=\"og:description\" content=\"La edici\u00f3n de 2025 ya se ha celebrado.\" \/>\n<meta property=\"og:url\" content=\"https:\/\/www.triatlonpalmaces.com\/?page_id=167\" \/>\n<meta property=\"og:site_name\" content=\"Triatl\u00f3n de P\u00e1lmaces\" \/>\n<meta property=\"article:modified_time\" content=\"2025-08-04T10:53:44+00:00\" \/>\n<meta name=\"twitter:card\" content=\"summary_large_image\" \/>\n<meta name=\"twitter:label1\" content=\"Tiempo de lectura\" \/>\n\t<meta name=\"twitter:data1\" content=\"1 minuto\" \/>\n<script type=\"application\/ld+json\" class=\"yoast-schema-graph\">{\"@context\":\"https:\/\/schema.org\",\"@graph\":[{\"@type\":\"WebPage\",\"@id\":\"https:\/\/www.triatlonpalmaces.com\/?page_id=167\",\"url\":\"https:\/\/www.triatlonpalmaces.com\/?page_id=167\",\"name\":\"Inscripciones - Triatl\u00f3n de P\u00e1lmaces\",\"isPartOf\":{\"@id\":\"https:\/\/www.triatlonpalmaces.com\/#website\"},\"datePublished\":\"2022-06-02T15:47:58+00:00\",\"dateModified\":\"2025-08-04T10:53:44+00:00\",\"breadcrumb\":{\"@id\":\"https:\/\/www.triatlonpalmaces.com\/?page_id=167#breadcrumb\"},\"inLanguage\":\"es\",\"potentialAction\":[{\"@type\":\"ReadAction\",\"target\":[\"https:\/\/www.triatlonpalmaces.com\/?page_id=167\"]}]},{\"@type\":\"BreadcrumbList\",\"@id\":\"https:\/\/www.triatlonpalmaces.com\/?page_id=167#breadcrumb\",\"itemListElement\":[{\"@type\":\"ListItem\",\"position\":1,\"name\":\"Portada\",\"item\":\"https:\/\/www.triatlonpalmaces.com\/\"},{\"@type\":\"ListItem\",\"position\":2,\"name\":\"Inscripciones\"}]},{\"@type\":\"WebSite\",\"@id\":\"https:\/\/www.triatlonpalmaces.com\/#website\",\"url\":\"https:\/\/www.triatlonpalmaces.com\/\",\"name\":\"Triatl\u00f3n de P\u00e1lmaces\",\"description\":\"Web oficial del Triatl\u00f3n y de la Traves\u00eda de P\u00e1lmaces, y del Trail del Picozo\",\"publisher\":{\"@id\":\"https:\/\/www.triatlonpalmaces.com\/#organization\"},\"potentialAction\":[{\"@type\":\"SearchAction\",\"target\":{\"@type\":\"EntryPoint\",\"urlTemplate\":\"https:\/\/www.triatlonpalmaces.com\/?s={search_term_string}\"},\"query-input\":\"required name=search_term_string\"}],\"inLanguage\":\"es\"},{\"@type\":\"Organization\",\"@id\":\"https:\/\/www.triatlonpalmaces.com\/#organization\",\"name\":\"Triatl\u00f3n de P\u00e1lmaces\",\"url\":\"https:\/\/www.triatlonpalmaces.com\/\",\"logo\":{\"@type\":\"ImageObject\",\"inLanguage\":\"es\",\"@id\":\"https:\/\/www.triatlonpalmaces.com\/#\/schema\/logo\/image\/\",\"url\":\"https:\/\/www.triatlonpalmaces.com\/wp-content\/uploads\/2024\/09\/LOGO-MINIATURA-WEB-BLANCO.png\",\"contentUrl\":\"https:\/\/www.triatlonpalmaces.com\/wp-content\/uploads\/2024\/09\/LOGO-MINIATURA-WEB-BLANCO.png\",\"width\":853,\"height\":903,\"caption\":\"Triatl\u00f3n de P\u00e1lmaces\"},\"image\":{\"@id\":\"https:\/\/www.triatlonpalmaces.com\/#\/schema\/logo\/image\/\"}}]}<\/script>\n<!-- \/ Yoast SEO plugin. -->","yoast_head_json":{"title":"Inscripciones - Triatl\u00f3n de P\u00e1lmaces","robots":{"index":"index","follow":"follow","max-snippet":"max-snippet:-1","max-image-preview":"max-image-preview:large","max-video-preview":"max-video-preview:-1"},"canonical":"https:\/\/www.triatlonpalmaces.com\/?page_id=167","og_locale":"es_ES","og_type":"article","og_title":"Inscripciones - Triatl\u00f3n de P\u00e1lmaces","og_description":"La edici\u00f3n de 2025 ya se ha celebrado.","og_url":"https:\/\/www.triatlonpalmaces.com\/?page_id=167","og_site_name":"Triatl\u00f3n de P\u00e1lmaces","article_modified_time":"2025-08-04T10:53:44+00:00","twitter_card":"summary_large_image","twitter_misc":{"Tiempo de lectura":"1 minuto"},"schema":{"@context":"https:\/\/schema.org","@graph":[{"@type":"WebPage","@id":"https:\/\/www.triatlonpalmaces.com\/?page_id=167","url":"https:\/\/www.triatlonpalmaces.com\/?page_id=167","name":"Inscripciones - Triatl\u00f3n de P\u00e1lmaces","isPartOf":{"@id":"https:\/\/www.triatlonpalmaces.com\/#website"},"datePublished":"2022-06-02T15:47:58+00:00","dateModified":"2025-08-04T10:53:44+00:00","breadcrumb":{"@id":"https:\/\/www.triatlonpalmaces.com\/?page_id=167#breadcrumb"},"inLanguage":"es","potentialAction":[{"@type":"ReadAction","target":["https:\/\/www.triatlonpalmaces.com\/?page_id=167"]}]},{"@type":"BreadcrumbList","@id":"https:\/\/www.triatlonpalmaces.com\/?page_id=167#breadcrumb","itemListElement":[{"@type":"ListItem","position":1,"name":"Portada","item":"https:\/\/www.triatlonpalmaces.com\/"},{"@type":"ListItem","position":2,"name":"Inscripciones"}]},{"@type":"WebSite","@id":"https:\/\/www.triatlonpalmaces.com\/#website","url":"https:\/\/www.triatlonpalmaces.com\/","name":"Triatl\u00f3n de P\u00e1lmaces","description":"Web oficial del Triatl\u00f3n y de la Traves\u00eda de P\u00e1lmaces, y del Trail del Picozo","publisher":{"@id":"https:\/\/www.triatlonpalmaces.com\/#organization"},"potentialAction":[{"@type":"SearchAction","target":{"@type":"EntryPoint","urlTemplate":"https:\/\/www.triatlonpalmaces.com\/?s={search_term_string}"},"query-input":"required name=search_term_string"}],"inLanguage":"es"},{"@type":"Organization","@id":"https:\/\/www.triatlonpalmaces.com\/#organization","name":"Triatl\u00f3n de P\u00e1lmaces","url":"https:\/\/www.triatlonpalmaces.com\/","logo":{"@type":"ImageObject","inLanguage":"es","@id":"https:\/\/www.triatlonpalmaces.com\/#\/schema\/logo\/image\/","url":"https:\/\/www.triatlonpalmaces.com\/wp-content\/uploads\/2024\/09\/LOGO-MINIATURA-WEB-BLANCO.png","contentUrl":"https:\/\/www.triatlonpalmaces.com\/wp-content\/uploads\/2024\/09\/LOGO-MINIATURA-WEB-BLANCO.png","width":853,"height":903,"caption":"Triatl\u00f3n de P\u00e1lmaces"},"image":{"@id":"https:\/\/www.triatlonpalmaces.com\/#\/schema\/logo\/image\/"}}]}},"_links":{"self":[{"href":"https:\/\/www.triatlonpalmaces.com\/index.php?rest_route=\/wp\/v2\/pages\/167","targetHints":{"allow":["GET"]}}],"collection":[{"href":"https:\/\/www.triatlonpalmaces.com\/index.php?rest_route=\/wp\/v2\/pages"}],"about":[{"href":"https:\/\/www.triatlonpalmaces.com\/index.php?rest_route=\/wp\/v2\/types\/page"}],"author":[{"embeddable":true,"href":"https:\/\/www.triatlonpalmaces.com\/index.php?rest_route=\/wp\/v2\/users\/1"}],"replies":[{"embeddable":true,"href":"https:\/\/www.triatlonpalmaces.com\/index.php?rest_route=%2Fwp%2Fv2%2Fcomments&post=167"}],"version-history":[{"count":31,"href":"https:\/\/www.triatlonpalmaces.com\/index.php?rest_route=\/wp\/v2\/pages\/167\/revisions"}],"predecessor-version":[{"id":2010,"href":"https:\/\/www.triatlonpalmaces.com\/index.php?rest_route=\/wp\/v2\/pages\/167\/revisions\/2010"}],"wp:attachment":[{"href":"https:\/\/www.triatlonpalmaces.com\/index.php?rest_route=%2Fwp%2Fv2%2Fmedia&parent=167"}],"curies":[{"name":"wp","href":"https:\/\/api.w.org\/{rel}","templated":true}]}}