{"id":170,"date":"2022-06-02T17:00:15","date_gmt":"2022-06-02T16:00:15","guid":{"rendered":"https:\/\/www.triatlonpalmaces.com\/?page_id=170"},"modified":"2025-05-14T19:29:59","modified_gmt":"2025-05-14T18:29:59","slug":"inscripciones-triatlon-palmaces","status":"publish","type":"page","link":"https:\/\/www.triatlonpalmaces.com\/?page_id=170","title":{"rendered":"Inscripciones Triatl\u00f3n P\u00e1lmaces"},"content":{"rendered":"\n<p><strong>Ya puedes inscribirte<\/strong> al <strong>Triatl\u00f3n P\u00e1lmaces 2025<\/strong> mediante el formulario que aparece a continuaci\u00f3n. \u00a1Atenci\u00f3n que s\u00f3lo hay 215 plazas!<\/p>\n\n\n\n<div align='center'><iframe src='https:\/\/youevent.es\/sport\/inscripcion_competicion.asp?interfaz_minima=true&#038;id_competicion=8031&#038;language=1' frameborder='0' width='600px' height='1000' align='center'><\/iframe><\/div>\n\n\n\n<p>En el momento que se agoten las inscripciones se abrir\u00e1 una lista de espera en la que podr\u00e1s inscribirte:<\/p>\n\n\n\n<p class=\"has-text-align-center\"><a title=\"Lista de espera Triatl\u00f3n P\u00e1lmaces 2024\" href=\"https:\/\/www.triatlonpalmaces.com\/?page_id=209\">Lista de espera Triatl\u00f3n P\u00e1lmaces 202<\/a>5<\/p>\n","protected":false},"excerpt":{"rendered":"<p>Ya puedes inscribirte al Triatl\u00f3n P\u00e1lmaces 2025 mediante el formulario que aparece a continuaci\u00f3n. \u00a1Atenci\u00f3n que s\u00f3lo hay 215 plazas! En el momento que se agoten las inscripciones se abrir\u00e1 una lista de espera en la que podr\u00e1s inscribirte: Lista de espera Triatl\u00f3n P\u00e1lmaces 2025<\/p>\n","protected":false},"author":3,"featured_media":0,"parent":167,"menu_order":0,"comment_status":"closed","ping_status":"closed","template":"","meta":{"_monsterinsights_skip_tracking":false,"_monsterinsights_sitenote_active":false,"_monsterinsights_sitenote_note":"","_monsterinsights_sitenote_category":0,"footnotes":""},"class_list":["post-170","page","type-page","status-publish","hentry"],"aioseo_notices":[],"yoast_head":"<!-- This site is optimized with the Yoast SEO plugin v23.2 - https:\/\/yoast.com\/wordpress\/plugins\/seo\/ -->\n<title>Inscripciones Triatl\u00f3n P\u00e1lmaces - Triatl\u00f3n de P\u00e1lmaces<\/title>\n<meta name=\"robots\" content=\"index, follow, max-snippet:-1, max-image-preview:large, max-video-preview:-1\" \/>\n<link rel=\"canonical\" href=\"https:\/\/www.triatlonpalmaces.com\/?page_id=170\" \/>\n<meta property=\"og:locale\" content=\"es_ES\" \/>\n<meta property=\"og:type\" content=\"article\" \/>\n<meta property=\"og:title\" content=\"Inscripciones Triatl\u00f3n P\u00e1lmaces - Triatl\u00f3n de P\u00e1lmaces\" \/>\n<meta property=\"og:description\" content=\"Ya puedes inscribirte al Triatl\u00f3n P\u00e1lmaces 2025 mediante el formulario que aparece a continuaci\u00f3n. \u00a1Atenci\u00f3n que s\u00f3lo hay 215 plazas! En el momento que se agoten las inscripciones se abrir\u00e1 una lista de espera en la que podr\u00e1s inscribirte: Lista de espera Triatl\u00f3n P\u00e1lmaces 2025\" \/>\n<meta property=\"og:url\" content=\"https:\/\/www.triatlonpalmaces.com\/?page_id=170\" \/>\n<meta property=\"og:site_name\" content=\"Triatl\u00f3n de P\u00e1lmaces\" \/>\n<meta property=\"article:modified_time\" content=\"2025-05-14T18:29:59+00:00\" \/>\n<meta name=\"twitter:card\" content=\"summary_large_image\" \/>\n<meta name=\"twitter:label1\" content=\"Tiempo de lectura\" \/>\n\t<meta name=\"twitter:data1\" content=\"1 minuto\" \/>\n<script type=\"application\/ld+json\" class=\"yoast-schema-graph\">{\"@context\":\"https:\/\/schema.org\",\"@graph\":[{\"@type\":\"WebPage\",\"@id\":\"https:\/\/www.triatlonpalmaces.com\/?page_id=170\",\"url\":\"https:\/\/www.triatlonpalmaces.com\/?page_id=170\",\"name\":\"Inscripciones Triatl\u00f3n P\u00e1lmaces - Triatl\u00f3n de P\u00e1lmaces\",\"isPartOf\":{\"@id\":\"https:\/\/www.triatlonpalmaces.com\/#website\"},\"datePublished\":\"2022-06-02T16:00:15+00:00\",\"dateModified\":\"2025-05-14T18:29:59+00:00\",\"breadcrumb\":{\"@id\":\"https:\/\/www.triatlonpalmaces.com\/?page_id=170#breadcrumb\"},\"inLanguage\":\"es\",\"potentialAction\":[{\"@type\":\"ReadAction\",\"target\":[\"https:\/\/www.triatlonpalmaces.com\/?page_id=170\"]}]},{\"@type\":\"BreadcrumbList\",\"@id\":\"https:\/\/www.triatlonpalmaces.com\/?page_id=170#breadcrumb\",\"itemListElement\":[{\"@type\":\"ListItem\",\"position\":1,\"name\":\"Portada\",\"item\":\"https:\/\/www.triatlonpalmaces.com\/\"},{\"@type\":\"ListItem\",\"position\":2,\"name\":\"Inscripciones\",\"item\":\"https:\/\/www.triatlonpalmaces.com\/?page_id=167\"},{\"@type\":\"ListItem\",\"position\":3,\"name\":\"Inscripciones Triatl\u00f3n P\u00e1lmaces\"}]},{\"@type\":\"WebSite\",\"@id\":\"https:\/\/www.triatlonpalmaces.com\/#website\",\"url\":\"https:\/\/www.triatlonpalmaces.com\/\",\"name\":\"Triatl\u00f3n de P\u00e1lmaces\",\"description\":\"Web oficial del Triatl\u00f3n y de la Traves\u00eda de P\u00e1lmaces, y del Trail del Picozo\",\"publisher\":{\"@id\":\"https:\/\/www.triatlonpalmaces.com\/#organization\"},\"potentialAction\":[{\"@type\":\"SearchAction\",\"target\":{\"@type\":\"EntryPoint\",\"urlTemplate\":\"https:\/\/www.triatlonpalmaces.com\/?s={search_term_string}\"},\"query-input\":\"required name=search_term_string\"}],\"inLanguage\":\"es\"},{\"@type\":\"Organization\",\"@id\":\"https:\/\/www.triatlonpalmaces.com\/#organization\",\"name\":\"Triatl\u00f3n de P\u00e1lmaces\",\"url\":\"https:\/\/www.triatlonpalmaces.com\/\",\"logo\":{\"@type\":\"ImageObject\",\"inLanguage\":\"es\",\"@id\":\"https:\/\/www.triatlonpalmaces.com\/#\/schema\/logo\/image\/\",\"url\":\"https:\/\/www.triatlonpalmaces.com\/wp-content\/uploads\/2024\/09\/LOGO-MINIATURA-WEB-BLANCO.png\",\"contentUrl\":\"https:\/\/www.triatlonpalmaces.com\/wp-content\/uploads\/2024\/09\/LOGO-MINIATURA-WEB-BLANCO.png\",\"width\":853,\"height\":903,\"caption\":\"Triatl\u00f3n de P\u00e1lmaces\"},\"image\":{\"@id\":\"https:\/\/www.triatlonpalmaces.com\/#\/schema\/logo\/image\/\"}}]}<\/script>\n<!-- \/ Yoast SEO plugin. -->","yoast_head_json":{"title":"Inscripciones Triatl\u00f3n P\u00e1lmaces - Triatl\u00f3n de P\u00e1lmaces","robots":{"index":"index","follow":"follow","max-snippet":"max-snippet:-1","max-image-preview":"max-image-preview:large","max-video-preview":"max-video-preview:-1"},"canonical":"https:\/\/www.triatlonpalmaces.com\/?page_id=170","og_locale":"es_ES","og_type":"article","og_title":"Inscripciones Triatl\u00f3n P\u00e1lmaces - Triatl\u00f3n de P\u00e1lmaces","og_description":"Ya puedes inscribirte al Triatl\u00f3n P\u00e1lmaces 2025 mediante el formulario que aparece a continuaci\u00f3n. \u00a1Atenci\u00f3n que s\u00f3lo hay 215 plazas! En el momento que se agoten las inscripciones se abrir\u00e1 una lista de espera en la que podr\u00e1s inscribirte: Lista de espera Triatl\u00f3n P\u00e1lmaces 2025","og_url":"https:\/\/www.triatlonpalmaces.com\/?page_id=170","og_site_name":"Triatl\u00f3n de P\u00e1lmaces","article_modified_time":"2025-05-14T18:29:59+00:00","twitter_card":"summary_large_image","twitter_misc":{"Tiempo de lectura":"1 minuto"},"schema":{"@context":"https:\/\/schema.org","@graph":[{"@type":"WebPage","@id":"https:\/\/www.triatlonpalmaces.com\/?page_id=170","url":"https:\/\/www.triatlonpalmaces.com\/?page_id=170","name":"Inscripciones Triatl\u00f3n P\u00e1lmaces - Triatl\u00f3n de P\u00e1lmaces","isPartOf":{"@id":"https:\/\/www.triatlonpalmaces.com\/#website"},"datePublished":"2022-06-02T16:00:15+00:00","dateModified":"2025-05-14T18:29:59+00:00","breadcrumb":{"@id":"https:\/\/www.triatlonpalmaces.com\/?page_id=170#breadcrumb"},"inLanguage":"es","potentialAction":[{"@type":"ReadAction","target":["https:\/\/www.triatlonpalmaces.com\/?page_id=170"]}]},{"@type":"BreadcrumbList","@id":"https:\/\/www.triatlonpalmaces.com\/?page_id=170#breadcrumb","itemListElement":[{"@type":"ListItem","position":1,"name":"Portada","item":"https:\/\/www.triatlonpalmaces.com\/"},{"@type":"ListItem","position":2,"name":"Inscripciones","item":"https:\/\/www.triatlonpalmaces.com\/?page_id=167"},{"@type":"ListItem","position":3,"name":"Inscripciones Triatl\u00f3n P\u00e1lmaces"}]},{"@type":"WebSite","@id":"https:\/\/www.triatlonpalmaces.com\/#website","url":"https:\/\/www.triatlonpalmaces.com\/","name":"Triatl\u00f3n de P\u00e1lmaces","description":"Web oficial del Triatl\u00f3n y de la Traves\u00eda de P\u00e1lmaces, y del Trail del Picozo","publisher":{"@id":"https:\/\/www.triatlonpalmaces.com\/#organization"},"potentialAction":[{"@type":"SearchAction","target":{"@type":"EntryPoint","urlTemplate":"https:\/\/www.triatlonpalmaces.com\/?s={search_term_string}"},"query-input":"required name=search_term_string"}],"inLanguage":"es"},{"@type":"Organization","@id":"https:\/\/www.triatlonpalmaces.com\/#organization","name":"Triatl\u00f3n de P\u00e1lmaces","url":"https:\/\/www.triatlonpalmaces.com\/","logo":{"@type":"ImageObject","inLanguage":"es","@id":"https:\/\/www.triatlonpalmaces.com\/#\/schema\/logo\/image\/","url":"https:\/\/www.triatlonpalmaces.com\/wp-content\/uploads\/2024\/09\/LOGO-MINIATURA-WEB-BLANCO.png","contentUrl":"https:\/\/www.triatlonpalmaces.com\/wp-content\/uploads\/2024\/09\/LOGO-MINIATURA-WEB-BLANCO.png","width":853,"height":903,"caption":"Triatl\u00f3n de P\u00e1lmaces"},"image":{"@id":"https:\/\/www.triatlonpalmaces.com\/#\/schema\/logo\/image\/"}}]}},"_links":{"self":[{"href":"https:\/\/www.triatlonpalmaces.com\/index.php?rest_route=\/wp\/v2\/pages\/170","targetHints":{"allow":["GET"]}}],"collection":[{"href":"https:\/\/www.triatlonpalmaces.com\/index.php?rest_route=\/wp\/v2\/pages"}],"about":[{"href":"https:\/\/www.triatlonpalmaces.com\/index.php?rest_route=\/wp\/v2\/types\/page"}],"author":[{"embeddable":true,"href":"https:\/\/www.triatlonpalmaces.com\/index.php?rest_route=\/wp\/v2\/users\/3"}],"replies":[{"embeddable":true,"href":"https:\/\/www.triatlonpalmaces.com\/index.php?rest_route=%2Fwp%2Fv2%2Fcomments&post=170"}],"version-history":[{"count":25,"href":"https:\/\/www.triatlonpalmaces.com\/index.php?rest_route=\/wp\/v2\/pages\/170\/revisions"}],"predecessor-version":[{"id":1747,"href":"https:\/\/www.triatlonpalmaces.com\/index.php?rest_route=\/wp\/v2\/pages\/170\/revisions\/1747"}],"up":[{"embeddable":true,"href":"https:\/\/www.triatlonpalmaces.com\/index.php?rest_route=\/wp\/v2\/pages\/167"}],"wp:attachment":[{"href":"https:\/\/www.triatlonpalmaces.com\/index.php?rest_route=%2Fwp%2Fv2%2Fmedia&parent=170"}],"curies":[{"name":"wp","href":"https:\/\/api.w.org\/{rel}","templated":true}]}}