{"id":1864,"date":"2025-06-18T10:42:38","date_gmt":"2025-06-18T09:42:38","guid":{"rendered":"https:\/\/www.triatlonpalmaces.com\/?page_id=1864"},"modified":"2025-06-18T11:30:01","modified_gmt":"2025-06-18T10:30:01","slug":"maillot-triatlon-palmaces-2025","status":"publish","type":"page","link":"https:\/\/www.triatlonpalmaces.com\/?page_id=1864","title":{"rendered":"Maillot Triatl\u00f3n P\u00e1lmaces 2025"},"content":{"rendered":"\n<p>Puedes consultar en esta misma p\u00e1gina web sus caracter\u00edsticas, plazos, gastos de env\u00edo, posibilidad de recogida el d\u00eda de la prueba&#8230;<\/p>\n\n\n\n<p>Comprueba bien el tallaje antes de hacer tu pedido:<\/p>\n\n\n\n<figure class=\"wp-block-image aligncenter size-full\"><img loading=\"lazy\" decoding=\"async\" width=\"1600\" height=\"1141\" src=\"https:\/\/www.triatlonpalmaces.com\/wp-content\/uploads\/2025\/06\/4.Tallaje-Maillot-Triatlon-Palmaces.jpeg\" alt=\"\" class=\"wp-image-1881\" srcset=\"https:\/\/www.triatlonpalmaces.com\/wp-content\/uploads\/2025\/06\/4.Tallaje-Maillot-Triatlon-Palmaces.jpeg 1600w, https:\/\/www.triatlonpalmaces.com\/wp-content\/uploads\/2025\/06\/4.Tallaje-Maillot-Triatlon-Palmaces-300x214.jpeg 300w, https:\/\/www.triatlonpalmaces.com\/wp-content\/uploads\/2025\/06\/4.Tallaje-Maillot-Triatlon-Palmaces-1024x730.jpeg 1024w, https:\/\/www.triatlonpalmaces.com\/wp-content\/uploads\/2025\/06\/4.Tallaje-Maillot-Triatlon-Palmaces-768x548.jpeg 768w, https:\/\/www.triatlonpalmaces.com\/wp-content\/uploads\/2025\/06\/4.Tallaje-Maillot-Triatlon-Palmaces-1536x1095.jpeg 1536w\" sizes=\"auto, (max-width: 1600px) 100vw, 1600px\" \/><\/figure>\n\n\n\n<div align='center'><iframe src='https:\/\/youevent.es\/sport\/inscripcion_competicion.asp?interfaz_minima=true&#038;id_competicion=8195&#038;language=1' frameborder='0' width='700px' height='2600' align='center'><\/iframe><\/div>\n","protected":false},"excerpt":{"rendered":"<p>Puedes consultar en esta misma p\u00e1gina web sus caracter\u00edsticas, plazos, gastos de env\u00edo, posibilidad de recogida el d\u00eda de la prueba&#8230; Comprueba bien el tallaje antes de hacer tu pedido:<\/p>\n","protected":false},"author":3,"featured_media":0,"parent":0,"menu_order":0,"comment_status":"closed","ping_status":"closed","template":"","meta":{"_monsterinsights_skip_tracking":false,"_monsterinsights_sitenote_active":false,"_monsterinsights_sitenote_note":"","_monsterinsights_sitenote_category":0,"footnotes":""},"class_list":["post-1864","page","type-page","status-publish","hentry"],"aioseo_notices":[],"yoast_head":"<!-- This site is optimized with the Yoast SEO plugin v23.2 - https:\/\/yoast.com\/wordpress\/plugins\/seo\/ -->\n<title>Maillot Triatl\u00f3n P\u00e1lmaces 2025 - Triatl\u00f3n de P\u00e1lmaces<\/title>\n<meta name=\"robots\" content=\"index, follow, max-snippet:-1, max-image-preview:large, max-video-preview:-1\" \/>\n<link rel=\"canonical\" href=\"https:\/\/www.triatlonpalmaces.com\/?page_id=1864\" \/>\n<meta property=\"og:locale\" content=\"es_ES\" \/>\n<meta property=\"og:type\" content=\"article\" \/>\n<meta property=\"og:title\" content=\"Maillot Triatl\u00f3n P\u00e1lmaces 2025 - Triatl\u00f3n de P\u00e1lmaces\" \/>\n<meta property=\"og:description\" content=\"Puedes consultar en esta misma p\u00e1gina web sus caracter\u00edsticas, plazos, gastos de env\u00edo, posibilidad de recogida el d\u00eda de la prueba&#8230; Comprueba bien el tallaje antes de hacer tu pedido:\" \/>\n<meta property=\"og:url\" content=\"https:\/\/www.triatlonpalmaces.com\/?page_id=1864\" \/>\n<meta property=\"og:site_name\" content=\"Triatl\u00f3n de P\u00e1lmaces\" \/>\n<meta property=\"article:modified_time\" content=\"2025-06-18T10:30:01+00:00\" \/>\n<meta property=\"og:image\" content=\"https:\/\/www.triatlonpalmaces.com\/wp-content\/uploads\/2025\/06\/4.Tallaje-Maillot-Triatlon-Palmaces.jpeg\" \/>\n<meta name=\"twitter:card\" content=\"summary_large_image\" \/>\n<meta name=\"twitter:label1\" content=\"Tiempo de lectura\" \/>\n\t<meta name=\"twitter:data1\" content=\"1 minuto\" \/>\n<script type=\"application\/ld+json\" class=\"yoast-schema-graph\">{\"@context\":\"https:\/\/schema.org\",\"@graph\":[{\"@type\":\"WebPage\",\"@id\":\"https:\/\/www.triatlonpalmaces.com\/?page_id=1864\",\"url\":\"https:\/\/www.triatlonpalmaces.com\/?page_id=1864\",\"name\":\"Maillot Triatl\u00f3n P\u00e1lmaces 2025 - Triatl\u00f3n de P\u00e1lmaces\",\"isPartOf\":{\"@id\":\"https:\/\/www.triatlonpalmaces.com\/#website\"},\"primaryImageOfPage\":{\"@id\":\"https:\/\/www.triatlonpalmaces.com\/?page_id=1864#primaryimage\"},\"image\":{\"@id\":\"https:\/\/www.triatlonpalmaces.com\/?page_id=1864#primaryimage\"},\"thumbnailUrl\":\"https:\/\/www.triatlonpalmaces.com\/wp-content\/uploads\/2025\/06\/4.Tallaje-Maillot-Triatlon-Palmaces.jpeg\",\"datePublished\":\"2025-06-18T09:42:38+00:00\",\"dateModified\":\"2025-06-18T10:30:01+00:00\",\"breadcrumb\":{\"@id\":\"https:\/\/www.triatlonpalmaces.com\/?page_id=1864#breadcrumb\"},\"inLanguage\":\"es\",\"potentialAction\":[{\"@type\":\"ReadAction\",\"target\":[\"https:\/\/www.triatlonpalmaces.com\/?page_id=1864\"]}]},{\"@type\":\"ImageObject\",\"inLanguage\":\"es\",\"@id\":\"https:\/\/www.triatlonpalmaces.com\/?page_id=1864#primaryimage\",\"url\":\"https:\/\/www.triatlonpalmaces.com\/wp-content\/uploads\/2025\/06\/4.Tallaje-Maillot-Triatlon-Palmaces.jpeg\",\"contentUrl\":\"https:\/\/www.triatlonpalmaces.com\/wp-content\/uploads\/2025\/06\/4.Tallaje-Maillot-Triatlon-Palmaces.jpeg\",\"width\":1600,\"height\":1141},{\"@type\":\"BreadcrumbList\",\"@id\":\"https:\/\/www.triatlonpalmaces.com\/?page_id=1864#breadcrumb\",\"itemListElement\":[{\"@type\":\"ListItem\",\"position\":1,\"name\":\"Portada\",\"item\":\"https:\/\/www.triatlonpalmaces.com\/\"},{\"@type\":\"ListItem\",\"position\":2,\"name\":\"Maillot Triatl\u00f3n P\u00e1lmaces 2025\"}]},{\"@type\":\"WebSite\",\"@id\":\"https:\/\/www.triatlonpalmaces.com\/#website\",\"url\":\"https:\/\/www.triatlonpalmaces.com\/\",\"name\":\"Triatl\u00f3n de P\u00e1lmaces\",\"description\":\"Web oficial del Triatl\u00f3n y de la Traves\u00eda de P\u00e1lmaces, y del Trail del Picozo\",\"publisher\":{\"@id\":\"https:\/\/www.triatlonpalmaces.com\/#organization\"},\"potentialAction\":[{\"@type\":\"SearchAction\",\"target\":{\"@type\":\"EntryPoint\",\"urlTemplate\":\"https:\/\/www.triatlonpalmaces.com\/?s={search_term_string}\"},\"query-input\":\"required name=search_term_string\"}],\"inLanguage\":\"es\"},{\"@type\":\"Organization\",\"@id\":\"https:\/\/www.triatlonpalmaces.com\/#organization\",\"name\":\"Triatl\u00f3n de P\u00e1lmaces\",\"url\":\"https:\/\/www.triatlonpalmaces.com\/\",\"logo\":{\"@type\":\"ImageObject\",\"inLanguage\":\"es\",\"@id\":\"https:\/\/www.triatlonpalmaces.com\/#\/schema\/logo\/image\/\",\"url\":\"https:\/\/www.triatlonpalmaces.com\/wp-content\/uploads\/2024\/09\/LOGO-MINIATURA-WEB-BLANCO.png\",\"contentUrl\":\"https:\/\/www.triatlonpalmaces.com\/wp-content\/uploads\/2024\/09\/LOGO-MINIATURA-WEB-BLANCO.png\",\"width\":853,\"height\":903,\"caption\":\"Triatl\u00f3n de P\u00e1lmaces\"},\"image\":{\"@id\":\"https:\/\/www.triatlonpalmaces.com\/#\/schema\/logo\/image\/\"}}]}<\/script>\n<!-- \/ Yoast SEO plugin. -->","yoast_head_json":{"title":"Maillot Triatl\u00f3n P\u00e1lmaces 2025 - Triatl\u00f3n de P\u00e1lmaces","robots":{"index":"index","follow":"follow","max-snippet":"max-snippet:-1","max-image-preview":"max-image-preview:large","max-video-preview":"max-video-preview:-1"},"canonical":"https:\/\/www.triatlonpalmaces.com\/?page_id=1864","og_locale":"es_ES","og_type":"article","og_title":"Maillot Triatl\u00f3n P\u00e1lmaces 2025 - Triatl\u00f3n de P\u00e1lmaces","og_description":"Puedes consultar en esta misma p\u00e1gina web sus caracter\u00edsticas, plazos, gastos de env\u00edo, posibilidad de recogida el d\u00eda de la prueba&#8230; Comprueba bien el tallaje antes de hacer tu pedido:","og_url":"https:\/\/www.triatlonpalmaces.com\/?page_id=1864","og_site_name":"Triatl\u00f3n de P\u00e1lmaces","article_modified_time":"2025-06-18T10:30:01+00:00","og_image":[{"url":"https:\/\/www.triatlonpalmaces.com\/wp-content\/uploads\/2025\/06\/4.Tallaje-Maillot-Triatlon-Palmaces.jpeg"}],"twitter_card":"summary_large_image","twitter_misc":{"Tiempo de lectura":"1 minuto"},"schema":{"@context":"https:\/\/schema.org","@graph":[{"@type":"WebPage","@id":"https:\/\/www.triatlonpalmaces.com\/?page_id=1864","url":"https:\/\/www.triatlonpalmaces.com\/?page_id=1864","name":"Maillot Triatl\u00f3n P\u00e1lmaces 2025 - Triatl\u00f3n de P\u00e1lmaces","isPartOf":{"@id":"https:\/\/www.triatlonpalmaces.com\/#website"},"primaryImageOfPage":{"@id":"https:\/\/www.triatlonpalmaces.com\/?page_id=1864#primaryimage"},"image":{"@id":"https:\/\/www.triatlonpalmaces.com\/?page_id=1864#primaryimage"},"thumbnailUrl":"https:\/\/www.triatlonpalmaces.com\/wp-content\/uploads\/2025\/06\/4.Tallaje-Maillot-Triatlon-Palmaces.jpeg","datePublished":"2025-06-18T09:42:38+00:00","dateModified":"2025-06-18T10:30:01+00:00","breadcrumb":{"@id":"https:\/\/www.triatlonpalmaces.com\/?page_id=1864#breadcrumb"},"inLanguage":"es","potentialAction":[{"@type":"ReadAction","target":["https:\/\/www.triatlonpalmaces.com\/?page_id=1864"]}]},{"@type":"ImageObject","inLanguage":"es","@id":"https:\/\/www.triatlonpalmaces.com\/?page_id=1864#primaryimage","url":"https:\/\/www.triatlonpalmaces.com\/wp-content\/uploads\/2025\/06\/4.Tallaje-Maillot-Triatlon-Palmaces.jpeg","contentUrl":"https:\/\/www.triatlonpalmaces.com\/wp-content\/uploads\/2025\/06\/4.Tallaje-Maillot-Triatlon-Palmaces.jpeg","width":1600,"height":1141},{"@type":"BreadcrumbList","@id":"https:\/\/www.triatlonpalmaces.com\/?page_id=1864#breadcrumb","itemListElement":[{"@type":"ListItem","position":1,"name":"Portada","item":"https:\/\/www.triatlonpalmaces.com\/"},{"@type":"ListItem","position":2,"name":"Maillot Triatl\u00f3n P\u00e1lmaces 2025"}]},{"@type":"WebSite","@id":"https:\/\/www.triatlonpalmaces.com\/#website","url":"https:\/\/www.triatlonpalmaces.com\/","name":"Triatl\u00f3n de P\u00e1lmaces","description":"Web oficial del Triatl\u00f3n y de la Traves\u00eda de P\u00e1lmaces, y del Trail del Picozo","publisher":{"@id":"https:\/\/www.triatlonpalmaces.com\/#organization"},"potentialAction":[{"@type":"SearchAction","target":{"@type":"EntryPoint","urlTemplate":"https:\/\/www.triatlonpalmaces.com\/?s={search_term_string}"},"query-input":"required name=search_term_string"}],"inLanguage":"es"},{"@type":"Organization","@id":"https:\/\/www.triatlonpalmaces.com\/#organization","name":"Triatl\u00f3n de P\u00e1lmaces","url":"https:\/\/www.triatlonpalmaces.com\/","logo":{"@type":"ImageObject","inLanguage":"es","@id":"https:\/\/www.triatlonpalmaces.com\/#\/schema\/logo\/image\/","url":"https:\/\/www.triatlonpalmaces.com\/wp-content\/uploads\/2024\/09\/LOGO-MINIATURA-WEB-BLANCO.png","contentUrl":"https:\/\/www.triatlonpalmaces.com\/wp-content\/uploads\/2024\/09\/LOGO-MINIATURA-WEB-BLANCO.png","width":853,"height":903,"caption":"Triatl\u00f3n de P\u00e1lmaces"},"image":{"@id":"https:\/\/www.triatlonpalmaces.com\/#\/schema\/logo\/image\/"}}]}},"_links":{"self":[{"href":"https:\/\/www.triatlonpalmaces.com\/index.php?rest_route=\/wp\/v2\/pages\/1864","targetHints":{"allow":["GET"]}}],"collection":[{"href":"https:\/\/www.triatlonpalmaces.com\/index.php?rest_route=\/wp\/v2\/pages"}],"about":[{"href":"https:\/\/www.triatlonpalmaces.com\/index.php?rest_route=\/wp\/v2\/types\/page"}],"author":[{"embeddable":true,"href":"https:\/\/www.triatlonpalmaces.com\/index.php?rest_route=\/wp\/v2\/users\/3"}],"replies":[{"embeddable":true,"href":"https:\/\/www.triatlonpalmaces.com\/index.php?rest_route=%2Fwp%2Fv2%2Fcomments&post=1864"}],"version-history":[{"count":12,"href":"https:\/\/www.triatlonpalmaces.com\/index.php?rest_route=\/wp\/v2\/pages\/1864\/revisions"}],"predecessor-version":[{"id":1918,"href":"https:\/\/www.triatlonpalmaces.com\/index.php?rest_route=\/wp\/v2\/pages\/1864\/revisions\/1918"}],"wp:attachment":[{"href":"https:\/\/www.triatlonpalmaces.com\/index.php?rest_route=%2Fwp%2Fv2%2Fmedia&parent=1864"}],"curies":[{"name":"wp","href":"https:\/\/api.w.org\/{rel}","templated":true}]}}