{"id":67,"date":"2022-05-10T17:16:50","date_gmt":"2022-05-10T16:16:50","guid":{"rendered":"http:\/\/www.triatlonpalmaces.com\/?page_id=67"},"modified":"2025-04-02T21:16:21","modified_gmt":"2025-04-02T20:16:21","slug":"alojamiento","status":"publish","type":"page","link":"https:\/\/www.triatlonpalmaces.com\/?page_id=67","title":{"rendered":"Alojamiento"},"content":{"rendered":"\n<div class=\"wp-block-columns is-layout-flex wp-container-core-columns-is-layout-28f84493 wp-block-columns-is-layout-flex\">\n<div class=\"wp-block-column is-layout-flow wp-block-column-is-layout-flow\" style=\"flex-basis:100%\">\n<figure class=\"wp-block-table is-style-regular\"><table class=\"has-fixed-layout\"><thead><tr><th>P\u00e1lmaces de Jadraque<\/th><th><\/th><\/tr><\/thead><tbody><tr><td>El Rinc\u00f3n de Palmacio<\/td><td>949 892 192<br>619 786 704<\/td><\/tr><\/tbody><tfoot><tr><td>Torre\u00f3n \u00abTriatl\u00f3n P\u00e1lmaces\u00bb (alojamiento entero)<\/td><td>646 377 282<\/td><\/tr><tr><td>\u00abLa casa rural de P\u00e1lmaces\u00bb (alojamiento entero)<\/td><td>661 124 271<\/td><\/tr><\/tfoot><\/table><\/figure>\n<\/div>\n<\/div>\n\n\n\n<figure class=\"wp-block-table is-style-regular\"><table class=\"has-fixed-layout\"><thead><tr><th>Atienza<\/th><th><\/th><\/tr><\/thead><tbody><tr><td>Hostal restaurante \u00abEl Mirador de Atienza\u00bb<\/td><td>659 643 084<\/td><\/tr><tr><td>Casa Rural Alfonso VIII (Alojamiento entero)<\/td><td>628 708 834<\/td><\/tr><tr><td>Hotel Rural \u00abConvento de Santa Ana\u00bb<\/td><td>677 994 483<\/td><\/tr><tr><td>Alojamiento rural \u00abLa Casa de San Gil\u00bb<\/td><td>626 165 544<\/td><\/tr><tr><td>Hotel Rural Fonda Molinero<\/td><td>949 39 90 37<br>669 89 49 00<\/td><\/tr><tr><td>Real Posada de San Salvador<\/td><td>949 39 90 88<\/td><\/tr><\/tbody><\/table><\/figure>\n\n\n\n<figure class=\"wp-block-table is-style-regular\"><table class=\"has-fixed-layout\"><thead><tr><th>Jadraque<\/th><th><\/th><\/tr><\/thead><tbody><tr><td>Hostal restaurante \u00abEl Castillo\u00bb<\/td><td>949 89 02 54<\/td><\/tr><tr><td>Hostal restaurante \u00abCuatro Caminos\u00bb<\/td><td>949 89 00 21<\/td><\/tr><\/tbody><\/table><\/figure>\n\n\n\n<figure class=\"wp-block-table is-style-regular\"><table class=\"has-fixed-layout\"><thead><tr><th>Im\u00f3n<\/th><th><\/th><\/tr><\/thead><tbody><tr><td>Hostal Salinas de Im\u00f3n<\/td><td>655 825 505<\/td><\/tr><\/tbody><\/table><\/figure>\n\n\n\n<figure class=\"wp-block-table is-style-regular\"><table class=\"has-fixed-layout\"><thead><tr><th>Bujalaro<\/th><th><\/th><\/tr><\/thead><tbody><tr><td>Apartamentos rurales \u00abLa Bodega del Abuelo\u00bb<br><\/td><td>649 337 793<\/td><\/tr><\/tbody><\/table><\/figure>\n\n\n\n<figure class=\"wp-block-table\"><table class=\"has-fixed-layout\"><tbody><tr><td class=\"has-text-align-center\" data-align=\"center\"><strong>Hu\u00e9rmeces del Cerro<\/strong><\/td><td><\/td><\/tr><tr><td class=\"has-text-align-center\" data-align=\"center\">Albergue Rural \u00abEl Molino\u00bb<\/td><td>696 531 151<br>626 367 490<\/td><\/tr><\/tbody><\/table><\/figure>\n\n\n\n<figure class=\"wp-block-table is-style-regular\"><table class=\"has-fixed-layout\"><thead><tr><th>Matillas<\/th><th><\/th><\/tr><\/thead><tbody><tr><td>Hostal restaurante \u00abRijujama\u00bb<\/td><td>949 30 51 02<\/td><\/tr><\/tbody><\/table><\/figure>\n\n\n\n<figure class=\"wp-block-table is-style-regular\"><table class=\"has-fixed-layout\"><thead><tr><th class=\"has-text-align-center\" data-align=\"center\">Mandayona<\/th><th><\/th><\/tr><\/thead><tbody><tr><td class=\"has-text-align-center\" data-align=\"center\">Hostal rural \u00abCumbres de Castilla\u00bb<\/td><td>949 30 58 18<\/td><\/tr><\/tbody><\/table><\/figure>\n\n\n\n<figure class=\"wp-block-table\"><table class=\"has-fixed-layout\"><tbody><tr><td class=\"has-text-align-center\" data-align=\"center\"><strong>Castej\u00f3n de Henares<\/strong><\/td><td class=\"has-text-align-left\" data-align=\"left\"><\/td><\/tr><tr><td class=\"has-text-align-center\" data-align=\"center\">Casa rural \u00abLos Chorrones\u00bb (alojamiento entero)<\/td><td class=\"has-text-align-left\" data-align=\"left\">656 900 410<\/td><\/tr><\/tbody><\/table><\/figure>\n\n\n\n<figure class=\"wp-block-table\"><table class=\"has-fixed-layout\"><tbody><tr><td class=\"has-text-align-center\" data-align=\"center\"><strong>Santamera<\/strong><\/td><td><\/td><\/tr><tr><td class=\"has-text-align-center\" data-align=\"center\">\u00abLas casitas del Salado\u00bb<\/td><td>615 26 40 67<\/td><\/tr><\/tbody><\/table><\/figure>\n\n\n\n<figure class=\"wp-block-table\"><table class=\"has-fixed-layout\"><tbody><tr><td class=\"has-text-align-center\" data-align=\"center\"><strong>Baides<\/strong><\/td><td><\/td><\/tr><tr><td class=\"has-text-align-center\" data-align=\"center\">\u00abEl Vag\u00f3n de Baides\u00bb<\/td><td>629 810 609&nbsp;<\/td><\/tr><tr><td class=\"has-text-align-center\" data-align=\"center\">\u00abLa Finca Suiza\u00bb (alojamiento entero)<\/td><td>676 568 556<\/td><\/tr><\/tbody><\/table><\/figure>\n\n\n\n<figure class=\"wp-block-table is-style-regular\"><table class=\"has-fixed-layout\"><thead><tr><th>Hita<\/th><th><\/th><\/tr><\/thead><tfoot><tr><td>La Posada de Rosa<\/td><td>646 20 71 35<\/td><\/tr><\/tfoot><\/table><\/figure>\n\n\n\n<figure class=\"wp-block-table is-style-regular\"><table class=\"has-fixed-layout\"><thead><tr><th>Almadrones<\/th><th><\/th><\/tr><\/thead><tbody><tr><td>Casa rural \u00abLos Trigales\u00bb (alojamiento entero)<\/td><td>686 256 075<\/td><\/tr><\/tbody><\/table><\/figure>\n","protected":false},"excerpt":{"rendered":"<p>P\u00e1lmaces de Jadraque El Rinc\u00f3n de Palmacio 949 892 192619 786 704 Torre\u00f3n \u00abTriatl\u00f3n P\u00e1lmaces\u00bb (alojamiento entero) 646 377 282 \u00abLa casa rural de P\u00e1lmaces\u00bb (alojamiento entero) 661 124 271 Atienza Hostal restaurante \u00abEl Mirador de Atienza\u00bb 659 643 084 Casa Rural Alfonso VIII (Alojamiento entero) 628 708 834 Hotel Rural \u00abConvento de Santa Ana\u00bb [&hellip;]<\/p>\n","protected":false},"author":1,"featured_media":0,"parent":43,"menu_order":3,"comment_status":"closed","ping_status":"closed","template":"","meta":{"_monsterinsights_skip_tracking":false,"_monsterinsights_sitenote_active":false,"_monsterinsights_sitenote_note":"","_monsterinsights_sitenote_category":0,"footnotes":""},"class_list":["post-67","page","type-page","status-publish","hentry"],"aioseo_notices":[],"yoast_head":"<!-- This site is optimized with the Yoast SEO plugin v23.2 - https:\/\/yoast.com\/wordpress\/plugins\/seo\/ -->\n<title>Alojamiento - Triatl\u00f3n de P\u00e1lmaces<\/title>\n<meta name=\"robots\" content=\"index, follow, max-snippet:-1, max-image-preview:large, max-video-preview:-1\" \/>\n<link rel=\"canonical\" href=\"https:\/\/www.triatlonpalmaces.com\/?page_id=67\" \/>\n<meta property=\"og:locale\" content=\"es_ES\" \/>\n<meta property=\"og:type\" content=\"article\" \/>\n<meta property=\"og:title\" content=\"Alojamiento - Triatl\u00f3n de P\u00e1lmaces\" \/>\n<meta property=\"og:description\" content=\"P\u00e1lmaces de Jadraque El Rinc\u00f3n de Palmacio 949 892 192619 786 704 Torre\u00f3n \u00abTriatl\u00f3n P\u00e1lmaces\u00bb (alojamiento entero) 646 377 282 \u00abLa casa rural de P\u00e1lmaces\u00bb (alojamiento entero) 661 124 271 Atienza Hostal restaurante \u00abEl Mirador de Atienza\u00bb 659 643 084 Casa Rural Alfonso VIII (Alojamiento entero) 628 708 834 Hotel Rural \u00abConvento de Santa Ana\u00bb [&hellip;]\" \/>\n<meta property=\"og:url\" content=\"https:\/\/www.triatlonpalmaces.com\/?page_id=67\" \/>\n<meta property=\"og:site_name\" content=\"Triatl\u00f3n de P\u00e1lmaces\" \/>\n<meta property=\"article:modified_time\" content=\"2025-04-02T20:16:21+00:00\" \/>\n<meta name=\"twitter:card\" content=\"summary_large_image\" \/>\n<meta name=\"twitter:label1\" content=\"Tiempo de lectura\" \/>\n\t<meta name=\"twitter:data1\" content=\"1 minuto\" \/>\n<script type=\"application\/ld+json\" class=\"yoast-schema-graph\">{\"@context\":\"https:\/\/schema.org\",\"@graph\":[{\"@type\":\"WebPage\",\"@id\":\"https:\/\/www.triatlonpalmaces.com\/?page_id=67\",\"url\":\"https:\/\/www.triatlonpalmaces.com\/?page_id=67\",\"name\":\"Alojamiento - Triatl\u00f3n de P\u00e1lmaces\",\"isPartOf\":{\"@id\":\"https:\/\/www.triatlonpalmaces.com\/#website\"},\"datePublished\":\"2022-05-10T16:16:50+00:00\",\"dateModified\":\"2025-04-02T20:16:21+00:00\",\"breadcrumb\":{\"@id\":\"https:\/\/www.triatlonpalmaces.com\/?page_id=67#breadcrumb\"},\"inLanguage\":\"es\",\"potentialAction\":[{\"@type\":\"ReadAction\",\"target\":[\"https:\/\/www.triatlonpalmaces.com\/?page_id=67\"]}]},{\"@type\":\"BreadcrumbList\",\"@id\":\"https:\/\/www.triatlonpalmaces.com\/?page_id=67#breadcrumb\",\"itemListElement\":[{\"@type\":\"ListItem\",\"position\":1,\"name\":\"Portada\",\"item\":\"https:\/\/www.triatlonpalmaces.com\/\"},{\"@type\":\"ListItem\",\"position\":2,\"name\":\"Informaci\u00f3n\",\"item\":\"https:\/\/www.triatlonpalmaces.com\/?page_id=43\"},{\"@type\":\"ListItem\",\"position\":3,\"name\":\"Alojamiento\"}]},{\"@type\":\"WebSite\",\"@id\":\"https:\/\/www.triatlonpalmaces.com\/#website\",\"url\":\"https:\/\/www.triatlonpalmaces.com\/\",\"name\":\"Triatl\u00f3n de P\u00e1lmaces\",\"description\":\"Web oficial del Triatl\u00f3n y de la Traves\u00eda de P\u00e1lmaces, y del Trail del Picozo\",\"publisher\":{\"@id\":\"https:\/\/www.triatlonpalmaces.com\/#organization\"},\"potentialAction\":[{\"@type\":\"SearchAction\",\"target\":{\"@type\":\"EntryPoint\",\"urlTemplate\":\"https:\/\/www.triatlonpalmaces.com\/?s={search_term_string}\"},\"query-input\":\"required name=search_term_string\"}],\"inLanguage\":\"es\"},{\"@type\":\"Organization\",\"@id\":\"https:\/\/www.triatlonpalmaces.com\/#organization\",\"name\":\"Triatl\u00f3n de P\u00e1lmaces\",\"url\":\"https:\/\/www.triatlonpalmaces.com\/\",\"logo\":{\"@type\":\"ImageObject\",\"inLanguage\":\"es\",\"@id\":\"https:\/\/www.triatlonpalmaces.com\/#\/schema\/logo\/image\/\",\"url\":\"https:\/\/www.triatlonpalmaces.com\/wp-content\/uploads\/2024\/09\/LOGO-MINIATURA-WEB-BLANCO.png\",\"contentUrl\":\"https:\/\/www.triatlonpalmaces.com\/wp-content\/uploads\/2024\/09\/LOGO-MINIATURA-WEB-BLANCO.png\",\"width\":853,\"height\":903,\"caption\":\"Triatl\u00f3n de P\u00e1lmaces\"},\"image\":{\"@id\":\"https:\/\/www.triatlonpalmaces.com\/#\/schema\/logo\/image\/\"}}]}<\/script>\n<!-- \/ Yoast SEO plugin. -->","yoast_head_json":{"title":"Alojamiento - Triatl\u00f3n de P\u00e1lmaces","robots":{"index":"index","follow":"follow","max-snippet":"max-snippet:-1","max-image-preview":"max-image-preview:large","max-video-preview":"max-video-preview:-1"},"canonical":"https:\/\/www.triatlonpalmaces.com\/?page_id=67","og_locale":"es_ES","og_type":"article","og_title":"Alojamiento - Triatl\u00f3n de P\u00e1lmaces","og_description":"P\u00e1lmaces de Jadraque El Rinc\u00f3n de Palmacio 949 892 192619 786 704 Torre\u00f3n \u00abTriatl\u00f3n P\u00e1lmaces\u00bb (alojamiento entero) 646 377 282 \u00abLa casa rural de P\u00e1lmaces\u00bb (alojamiento entero) 661 124 271 Atienza Hostal restaurante \u00abEl Mirador de Atienza\u00bb 659 643 084 Casa Rural Alfonso VIII (Alojamiento entero) 628 708 834 Hotel Rural \u00abConvento de Santa Ana\u00bb [&hellip;]","og_url":"https:\/\/www.triatlonpalmaces.com\/?page_id=67","og_site_name":"Triatl\u00f3n de P\u00e1lmaces","article_modified_time":"2025-04-02T20:16:21+00:00","twitter_card":"summary_large_image","twitter_misc":{"Tiempo de lectura":"1 minuto"},"schema":{"@context":"https:\/\/schema.org","@graph":[{"@type":"WebPage","@id":"https:\/\/www.triatlonpalmaces.com\/?page_id=67","url":"https:\/\/www.triatlonpalmaces.com\/?page_id=67","name":"Alojamiento - Triatl\u00f3n de P\u00e1lmaces","isPartOf":{"@id":"https:\/\/www.triatlonpalmaces.com\/#website"},"datePublished":"2022-05-10T16:16:50+00:00","dateModified":"2025-04-02T20:16:21+00:00","breadcrumb":{"@id":"https:\/\/www.triatlonpalmaces.com\/?page_id=67#breadcrumb"},"inLanguage":"es","potentialAction":[{"@type":"ReadAction","target":["https:\/\/www.triatlonpalmaces.com\/?page_id=67"]}]},{"@type":"BreadcrumbList","@id":"https:\/\/www.triatlonpalmaces.com\/?page_id=67#breadcrumb","itemListElement":[{"@type":"ListItem","position":1,"name":"Portada","item":"https:\/\/www.triatlonpalmaces.com\/"},{"@type":"ListItem","position":2,"name":"Informaci\u00f3n","item":"https:\/\/www.triatlonpalmaces.com\/?page_id=43"},{"@type":"ListItem","position":3,"name":"Alojamiento"}]},{"@type":"WebSite","@id":"https:\/\/www.triatlonpalmaces.com\/#website","url":"https:\/\/www.triatlonpalmaces.com\/","name":"Triatl\u00f3n de P\u00e1lmaces","description":"Web oficial del Triatl\u00f3n y de la Traves\u00eda de P\u00e1lmaces, y del Trail del Picozo","publisher":{"@id":"https:\/\/www.triatlonpalmaces.com\/#organization"},"potentialAction":[{"@type":"SearchAction","target":{"@type":"EntryPoint","urlTemplate":"https:\/\/www.triatlonpalmaces.com\/?s={search_term_string}"},"query-input":"required name=search_term_string"}],"inLanguage":"es"},{"@type":"Organization","@id":"https:\/\/www.triatlonpalmaces.com\/#organization","name":"Triatl\u00f3n de P\u00e1lmaces","url":"https:\/\/www.triatlonpalmaces.com\/","logo":{"@type":"ImageObject","inLanguage":"es","@id":"https:\/\/www.triatlonpalmaces.com\/#\/schema\/logo\/image\/","url":"https:\/\/www.triatlonpalmaces.com\/wp-content\/uploads\/2024\/09\/LOGO-MINIATURA-WEB-BLANCO.png","contentUrl":"https:\/\/www.triatlonpalmaces.com\/wp-content\/uploads\/2024\/09\/LOGO-MINIATURA-WEB-BLANCO.png","width":853,"height":903,"caption":"Triatl\u00f3n de P\u00e1lmaces"},"image":{"@id":"https:\/\/www.triatlonpalmaces.com\/#\/schema\/logo\/image\/"}}]}},"_links":{"self":[{"href":"https:\/\/www.triatlonpalmaces.com\/index.php?rest_route=\/wp\/v2\/pages\/67","targetHints":{"allow":["GET"]}}],"collection":[{"href":"https:\/\/www.triatlonpalmaces.com\/index.php?rest_route=\/wp\/v2\/pages"}],"about":[{"href":"https:\/\/www.triatlonpalmaces.com\/index.php?rest_route=\/wp\/v2\/types\/page"}],"author":[{"embeddable":true,"href":"https:\/\/www.triatlonpalmaces.com\/index.php?rest_route=\/wp\/v2\/users\/1"}],"replies":[{"embeddable":true,"href":"https:\/\/www.triatlonpalmaces.com\/index.php?rest_route=%2Fwp%2Fv2%2Fcomments&post=67"}],"version-history":[{"count":16,"href":"https:\/\/www.triatlonpalmaces.com\/index.php?rest_route=\/wp\/v2\/pages\/67\/revisions"}],"predecessor-version":[{"id":1584,"href":"https:\/\/www.triatlonpalmaces.com\/index.php?rest_route=\/wp\/v2\/pages\/67\/revisions\/1584"}],"up":[{"embeddable":true,"href":"https:\/\/www.triatlonpalmaces.com\/index.php?rest_route=\/wp\/v2\/pages\/43"}],"wp:attachment":[{"href":"https:\/\/www.triatlonpalmaces.com\/index.php?rest_route=%2Fwp%2Fv2%2Fmedia&parent=67"}],"curies":[{"name":"wp","href":"https:\/\/api.w.org\/{rel}","templated":true}]}}