{"id":807,"date":"2023-08-01T01:24:01","date_gmt":"2023-08-01T00:24:01","guid":{"rendered":"https:\/\/www.triatlonpalmaces.com\/?page_id=807"},"modified":"2025-08-05T10:51:09","modified_gmt":"2025-08-05T09:51:09","slug":"fotos-travesia","status":"publish","type":"page","link":"https:\/\/www.triatlonpalmaces.com\/?page_id=807","title":{"rendered":"Fotos Traves\u00eda"},"content":{"rendered":"\n<p><strong>2025<\/strong><\/p>\n\n\n\n<p><a href=\"https:\/\/drive.google.com\/drive\/folders\/1vztCfIasoCEneZdZttVkEp6ZOS3M5q9-?usp=sharing\">\u00c1lbum 1 (Javier Gil)<\/a><\/p>\n\n\n\n<p><a href=\"https:\/\/drive.google.com\/drive\/folders\/1QmmukTb8pRR5AT2j-68p6tOEB7PVZQ_4?usp=sharing\" target=\"_blank\" rel=\"noreferrer noopener\">\u00c1lbum 2 (Maribel Guijarro)<\/a><\/p>\n\n\n\n<p><strong>2024<\/strong><\/p>\n\n\n\n<p>Disponibles en la p\u00e1gina de Facebook <a href=\"https:\/\/www.facebook.com\/travesiapalmaces\/photos_albums\">\u00abTraves\u00eda P\u00e1lmaces\u00bb<\/a><\/p>\n\n\n\n<p><strong>2023<\/strong><\/p>\n\n\n\n<p><a title=\"Fotos 2023\" href=\"https:\/\/drive.google.com\/drive\/folders\/18pqskVCCg4-3O13tzE6w1oz4zCFmdi0Z?usp=sharing\" target=\"_blank\" rel=\"noopener\">Fotos 2023<\/a><\/p>\n","protected":false},"excerpt":{"rendered":"<p>2025 \u00c1lbum 1 (Javier Gil) \u00c1lbum 2 (Maribel Guijarro) 2024 Disponibles en la p\u00e1gina de Facebook \u00abTraves\u00eda P\u00e1lmaces\u00bb 2023 Fotos 2023<\/p>\n","protected":false},"author":3,"featured_media":0,"parent":89,"menu_order":13,"comment_status":"closed","ping_status":"closed","template":"","meta":{"_monsterinsights_skip_tracking":false,"_monsterinsights_sitenote_active":false,"_monsterinsights_sitenote_note":"","_monsterinsights_sitenote_category":0,"footnotes":""},"class_list":["post-807","page","type-page","status-publish","hentry"],"aioseo_notices":[],"yoast_head":"<!-- This site is optimized with the Yoast SEO plugin v23.2 - https:\/\/yoast.com\/wordpress\/plugins\/seo\/ -->\n<title>Fotos Traves\u00eda - Triatl\u00f3n de P\u00e1lmaces<\/title>\n<meta name=\"robots\" content=\"index, follow, max-snippet:-1, max-image-preview:large, max-video-preview:-1\" \/>\n<link rel=\"canonical\" href=\"https:\/\/www.triatlonpalmaces.com\/?page_id=807\" \/>\n<meta property=\"og:locale\" content=\"es_ES\" \/>\n<meta property=\"og:type\" content=\"article\" \/>\n<meta property=\"og:title\" content=\"Fotos Traves\u00eda - Triatl\u00f3n de P\u00e1lmaces\" \/>\n<meta property=\"og:description\" content=\"2025 \u00c1lbum 1 (Javier Gil) \u00c1lbum 2 (Maribel Guijarro) 2024 Disponibles en la p\u00e1gina de Facebook \u00abTraves\u00eda P\u00e1lmaces\u00bb 2023 Fotos 2023\" \/>\n<meta property=\"og:url\" content=\"https:\/\/www.triatlonpalmaces.com\/?page_id=807\" \/>\n<meta property=\"og:site_name\" content=\"Triatl\u00f3n de P\u00e1lmaces\" \/>\n<meta property=\"article:modified_time\" content=\"2025-08-05T09:51:09+00:00\" \/>\n<meta name=\"twitter:card\" content=\"summary_large_image\" \/>\n<meta name=\"twitter:label1\" content=\"Tiempo de lectura\" \/>\n\t<meta name=\"twitter:data1\" content=\"1 minuto\" \/>\n<script type=\"application\/ld+json\" class=\"yoast-schema-graph\">{\"@context\":\"https:\/\/schema.org\",\"@graph\":[{\"@type\":\"WebPage\",\"@id\":\"https:\/\/www.triatlonpalmaces.com\/?page_id=807\",\"url\":\"https:\/\/www.triatlonpalmaces.com\/?page_id=807\",\"name\":\"Fotos Traves\u00eda - Triatl\u00f3n de P\u00e1lmaces\",\"isPartOf\":{\"@id\":\"https:\/\/www.triatlonpalmaces.com\/#website\"},\"datePublished\":\"2023-08-01T00:24:01+00:00\",\"dateModified\":\"2025-08-05T09:51:09+00:00\",\"breadcrumb\":{\"@id\":\"https:\/\/www.triatlonpalmaces.com\/?page_id=807#breadcrumb\"},\"inLanguage\":\"es\",\"potentialAction\":[{\"@type\":\"ReadAction\",\"target\":[\"https:\/\/www.triatlonpalmaces.com\/?page_id=807\"]}]},{\"@type\":\"BreadcrumbList\",\"@id\":\"https:\/\/www.triatlonpalmaces.com\/?page_id=807#breadcrumb\",\"itemListElement\":[{\"@type\":\"ListItem\",\"position\":1,\"name\":\"Portada\",\"item\":\"https:\/\/www.triatlonpalmaces.com\/\"},{\"@type\":\"ListItem\",\"position\":2,\"name\":\"Traves\u00eda\",\"item\":\"https:\/\/www.triatlonpalmaces.com\/?page_id=89\"},{\"@type\":\"ListItem\",\"position\":3,\"name\":\"Fotos Traves\u00eda\"}]},{\"@type\":\"WebSite\",\"@id\":\"https:\/\/www.triatlonpalmaces.com\/#website\",\"url\":\"https:\/\/www.triatlonpalmaces.com\/\",\"name\":\"Triatl\u00f3n de P\u00e1lmaces\",\"description\":\"Web oficial del Triatl\u00f3n y de la Traves\u00eda de P\u00e1lmaces, y del Trail del Picozo\",\"publisher\":{\"@id\":\"https:\/\/www.triatlonpalmaces.com\/#organization\"},\"potentialAction\":[{\"@type\":\"SearchAction\",\"target\":{\"@type\":\"EntryPoint\",\"urlTemplate\":\"https:\/\/www.triatlonpalmaces.com\/?s={search_term_string}\"},\"query-input\":\"required name=search_term_string\"}],\"inLanguage\":\"es\"},{\"@type\":\"Organization\",\"@id\":\"https:\/\/www.triatlonpalmaces.com\/#organization\",\"name\":\"Triatl\u00f3n de P\u00e1lmaces\",\"url\":\"https:\/\/www.triatlonpalmaces.com\/\",\"logo\":{\"@type\":\"ImageObject\",\"inLanguage\":\"es\",\"@id\":\"https:\/\/www.triatlonpalmaces.com\/#\/schema\/logo\/image\/\",\"url\":\"https:\/\/www.triatlonpalmaces.com\/wp-content\/uploads\/2024\/09\/LOGO-MINIATURA-WEB-BLANCO.png\",\"contentUrl\":\"https:\/\/www.triatlonpalmaces.com\/wp-content\/uploads\/2024\/09\/LOGO-MINIATURA-WEB-BLANCO.png\",\"width\":853,\"height\":903,\"caption\":\"Triatl\u00f3n de P\u00e1lmaces\"},\"image\":{\"@id\":\"https:\/\/www.triatlonpalmaces.com\/#\/schema\/logo\/image\/\"}}]}<\/script>\n<!-- \/ Yoast SEO plugin. -->","yoast_head_json":{"title":"Fotos Traves\u00eda - Triatl\u00f3n de P\u00e1lmaces","robots":{"index":"index","follow":"follow","max-snippet":"max-snippet:-1","max-image-preview":"max-image-preview:large","max-video-preview":"max-video-preview:-1"},"canonical":"https:\/\/www.triatlonpalmaces.com\/?page_id=807","og_locale":"es_ES","og_type":"article","og_title":"Fotos Traves\u00eda - Triatl\u00f3n de P\u00e1lmaces","og_description":"2025 \u00c1lbum 1 (Javier Gil) \u00c1lbum 2 (Maribel Guijarro) 2024 Disponibles en la p\u00e1gina de Facebook \u00abTraves\u00eda P\u00e1lmaces\u00bb 2023 Fotos 2023","og_url":"https:\/\/www.triatlonpalmaces.com\/?page_id=807","og_site_name":"Triatl\u00f3n de P\u00e1lmaces","article_modified_time":"2025-08-05T09:51:09+00:00","twitter_card":"summary_large_image","twitter_misc":{"Tiempo de lectura":"1 minuto"},"schema":{"@context":"https:\/\/schema.org","@graph":[{"@type":"WebPage","@id":"https:\/\/www.triatlonpalmaces.com\/?page_id=807","url":"https:\/\/www.triatlonpalmaces.com\/?page_id=807","name":"Fotos Traves\u00eda - Triatl\u00f3n de P\u00e1lmaces","isPartOf":{"@id":"https:\/\/www.triatlonpalmaces.com\/#website"},"datePublished":"2023-08-01T00:24:01+00:00","dateModified":"2025-08-05T09:51:09+00:00","breadcrumb":{"@id":"https:\/\/www.triatlonpalmaces.com\/?page_id=807#breadcrumb"},"inLanguage":"es","potentialAction":[{"@type":"ReadAction","target":["https:\/\/www.triatlonpalmaces.com\/?page_id=807"]}]},{"@type":"BreadcrumbList","@id":"https:\/\/www.triatlonpalmaces.com\/?page_id=807#breadcrumb","itemListElement":[{"@type":"ListItem","position":1,"name":"Portada","item":"https:\/\/www.triatlonpalmaces.com\/"},{"@type":"ListItem","position":2,"name":"Traves\u00eda","item":"https:\/\/www.triatlonpalmaces.com\/?page_id=89"},{"@type":"ListItem","position":3,"name":"Fotos Traves\u00eda"}]},{"@type":"WebSite","@id":"https:\/\/www.triatlonpalmaces.com\/#website","url":"https:\/\/www.triatlonpalmaces.com\/","name":"Triatl\u00f3n de P\u00e1lmaces","description":"Web oficial del Triatl\u00f3n y de la Traves\u00eda de P\u00e1lmaces, y del Trail del Picozo","publisher":{"@id":"https:\/\/www.triatlonpalmaces.com\/#organization"},"potentialAction":[{"@type":"SearchAction","target":{"@type":"EntryPoint","urlTemplate":"https:\/\/www.triatlonpalmaces.com\/?s={search_term_string}"},"query-input":"required name=search_term_string"}],"inLanguage":"es"},{"@type":"Organization","@id":"https:\/\/www.triatlonpalmaces.com\/#organization","name":"Triatl\u00f3n de P\u00e1lmaces","url":"https:\/\/www.triatlonpalmaces.com\/","logo":{"@type":"ImageObject","inLanguage":"es","@id":"https:\/\/www.triatlonpalmaces.com\/#\/schema\/logo\/image\/","url":"https:\/\/www.triatlonpalmaces.com\/wp-content\/uploads\/2024\/09\/LOGO-MINIATURA-WEB-BLANCO.png","contentUrl":"https:\/\/www.triatlonpalmaces.com\/wp-content\/uploads\/2024\/09\/LOGO-MINIATURA-WEB-BLANCO.png","width":853,"height":903,"caption":"Triatl\u00f3n de P\u00e1lmaces"},"image":{"@id":"https:\/\/www.triatlonpalmaces.com\/#\/schema\/logo\/image\/"}}]}},"_links":{"self":[{"href":"https:\/\/www.triatlonpalmaces.com\/index.php?rest_route=\/wp\/v2\/pages\/807","targetHints":{"allow":["GET"]}}],"collection":[{"href":"https:\/\/www.triatlonpalmaces.com\/index.php?rest_route=\/wp\/v2\/pages"}],"about":[{"href":"https:\/\/www.triatlonpalmaces.com\/index.php?rest_route=\/wp\/v2\/types\/page"}],"author":[{"embeddable":true,"href":"https:\/\/www.triatlonpalmaces.com\/index.php?rest_route=\/wp\/v2\/users\/3"}],"replies":[{"embeddable":true,"href":"https:\/\/www.triatlonpalmaces.com\/index.php?rest_route=%2Fwp%2Fv2%2Fcomments&post=807"}],"version-history":[{"count":13,"href":"https:\/\/www.triatlonpalmaces.com\/index.php?rest_route=\/wp\/v2\/pages\/807\/revisions"}],"predecessor-version":[{"id":2016,"href":"https:\/\/www.triatlonpalmaces.com\/index.php?rest_route=\/wp\/v2\/pages\/807\/revisions\/2016"}],"up":[{"embeddable":true,"href":"https:\/\/www.triatlonpalmaces.com\/index.php?rest_route=\/wp\/v2\/pages\/89"}],"wp:attachment":[{"href":"https:\/\/www.triatlonpalmaces.com\/index.php?rest_route=%2Fwp%2Fv2%2Fmedia&parent=807"}],"curies":[{"name":"wp","href":"https:\/\/api.w.org\/{rel}","templated":true}]}}