{"id":817,"date":"2023-09-14T11:00:32","date_gmt":"2023-09-14T10:00:32","guid":{"rendered":"https:\/\/www.triatlonpalmaces.com\/?page_id=817"},"modified":"2025-10-25T15:53:37","modified_gmt":"2025-10-25T14:53:37","slug":"inscripciones-trail-del-picozo","status":"publish","type":"page","link":"https:\/\/www.triatlonpalmaces.com\/?page_id=817","title":{"rendered":"Inscripciones Trail del Picozo"},"content":{"rendered":"\n<p>\u00a1Ya puedes realizar tu inscripci\u00f3n para el <strong>XII Trail del Picozo<\/strong>!<\/p>\n\n\n\n<p>Jueves <strong>30<\/strong> de <strong>octubre<\/strong> <strong>\u00daLTIMO D\u00cdA DE INSCRIPCI\u00d3N<\/strong> ONLINE<\/p>\n\n\n\n<p>Dos distancias: <strong>10km<\/strong> (360 m+) y <strong>17 km<\/strong> (650 m+)<\/p>\n\n\n\n<div class=\"wp-block-buttons is-content-justification-center is-layout-flex wp-container-core-buttons-is-layout-a89b3969 wp-block-buttons-is-layout-flex\">\n<div class=\"wp-block-button\"><a class=\"wp-block-button__link wp-element-button\" href=\"https:\/\/www.rockthesport.com\/es\/evento\/xii-trail-del-picozo-palmaces\" target=\"_blank\" rel=\"noreferrer noopener\">inscr\u00edbete aqu\u00ed<\/a><\/div>\n<\/div>\n\n\n\n<figure class=\"wp-block-image size-full has-custom-border is-style-rounded is-style-rounded--1\"><img loading=\"lazy\" decoding=\"async\" width=\"1587\" height=\"2245\" src=\"https:\/\/www.triatlonpalmaces.com\/wp-content\/uploads\/2025\/09\/CARTEL-TRAIL-PICOZO-2025-1.png\" alt=\"\" class=\"wp-image-2122\" style=\"border-style:none;border-width:0px\" srcset=\"https:\/\/www.triatlonpalmaces.com\/wp-content\/uploads\/2025\/09\/CARTEL-TRAIL-PICOZO-2025-1.png 1587w, https:\/\/www.triatlonpalmaces.com\/wp-content\/uploads\/2025\/09\/CARTEL-TRAIL-PICOZO-2025-1-212x300.png 212w, https:\/\/www.triatlonpalmaces.com\/wp-content\/uploads\/2025\/09\/CARTEL-TRAIL-PICOZO-2025-1-724x1024.png 724w, https:\/\/www.triatlonpalmaces.com\/wp-content\/uploads\/2025\/09\/CARTEL-TRAIL-PICOZO-2025-1-768x1086.png 768w, https:\/\/www.triatlonpalmaces.com\/wp-content\/uploads\/2025\/09\/CARTEL-TRAIL-PICOZO-2025-1-1086x1536.png 1086w, https:\/\/www.triatlonpalmaces.com\/wp-content\/uploads\/2025\/09\/CARTEL-TRAIL-PICOZO-2025-1-1448x2048.png 1448w\" sizes=\"auto, (max-width: 1587px) 100vw, 1587px\" \/><\/figure>\n\n\n\n<p><\/p>\n","protected":false},"excerpt":{"rendered":"<p>\u00a1Ya puedes realizar tu inscripci\u00f3n para el XII Trail del Picozo! Jueves 30 de octubre \u00daLTIMO D\u00cdA DE INSCRIPCI\u00d3N ONLINE Dos distancias: 10km (360 m+) y 17 km (650 m+)<\/p>\n","protected":false},"author":3,"featured_media":0,"parent":91,"menu_order":1,"comment_status":"closed","ping_status":"closed","template":"","meta":{"_monsterinsights_skip_tracking":false,"_monsterinsights_sitenote_active":false,"_monsterinsights_sitenote_note":"","_monsterinsights_sitenote_category":0,"footnotes":""},"class_list":["post-817","page","type-page","status-publish","hentry"],"aioseo_notices":[],"yoast_head":"<!-- This site is optimized with the Yoast SEO plugin v23.2 - https:\/\/yoast.com\/wordpress\/plugins\/seo\/ -->\n<title>Inscripciones Trail del Picozo - Triatl\u00f3n de P\u00e1lmaces<\/title>\n<meta name=\"robots\" content=\"index, follow, max-snippet:-1, max-image-preview:large, max-video-preview:-1\" \/>\n<link rel=\"canonical\" href=\"https:\/\/www.triatlonpalmaces.com\/?page_id=817\" \/>\n<meta property=\"og:locale\" content=\"es_ES\" \/>\n<meta property=\"og:type\" content=\"article\" \/>\n<meta property=\"og:title\" content=\"Inscripciones Trail del Picozo - Triatl\u00f3n de P\u00e1lmaces\" \/>\n<meta property=\"og:description\" content=\"\u00a1Ya puedes realizar tu inscripci\u00f3n para el XII Trail del Picozo! Jueves 30 de octubre \u00daLTIMO D\u00cdA DE INSCRIPCI\u00d3N ONLINE Dos distancias: 10km (360 m+) y 17 km (650 m+)\" \/>\n<meta property=\"og:url\" content=\"https:\/\/www.triatlonpalmaces.com\/?page_id=817\" \/>\n<meta property=\"og:site_name\" content=\"Triatl\u00f3n de P\u00e1lmaces\" \/>\n<meta property=\"article:modified_time\" content=\"2025-10-25T14:53:37+00:00\" \/>\n<meta property=\"og:image\" content=\"https:\/\/www.triatlonpalmaces.com\/wp-content\/uploads\/2025\/09\/CARTEL-TRAIL-PICOZO-2025-1.png\" \/>\n<meta name=\"twitter:card\" content=\"summary_large_image\" \/>\n<meta name=\"twitter:label1\" content=\"Tiempo de lectura\" \/>\n\t<meta name=\"twitter:data1\" content=\"1 minuto\" \/>\n<script type=\"application\/ld+json\" class=\"yoast-schema-graph\">{\"@context\":\"https:\/\/schema.org\",\"@graph\":[{\"@type\":\"WebPage\",\"@id\":\"https:\/\/www.triatlonpalmaces.com\/?page_id=817\",\"url\":\"https:\/\/www.triatlonpalmaces.com\/?page_id=817\",\"name\":\"Inscripciones Trail del Picozo - Triatl\u00f3n de P\u00e1lmaces\",\"isPartOf\":{\"@id\":\"https:\/\/www.triatlonpalmaces.com\/#website\"},\"primaryImageOfPage\":{\"@id\":\"https:\/\/www.triatlonpalmaces.com\/?page_id=817#primaryimage\"},\"image\":{\"@id\":\"https:\/\/www.triatlonpalmaces.com\/?page_id=817#primaryimage\"},\"thumbnailUrl\":\"https:\/\/www.triatlonpalmaces.com\/wp-content\/uploads\/2025\/09\/CARTEL-TRAIL-PICOZO-2025-1.png\",\"datePublished\":\"2023-09-14T10:00:32+00:00\",\"dateModified\":\"2025-10-25T14:53:37+00:00\",\"breadcrumb\":{\"@id\":\"https:\/\/www.triatlonpalmaces.com\/?page_id=817#breadcrumb\"},\"inLanguage\":\"es\",\"potentialAction\":[{\"@type\":\"ReadAction\",\"target\":[\"https:\/\/www.triatlonpalmaces.com\/?page_id=817\"]}]},{\"@type\":\"ImageObject\",\"inLanguage\":\"es\",\"@id\":\"https:\/\/www.triatlonpalmaces.com\/?page_id=817#primaryimage\",\"url\":\"https:\/\/www.triatlonpalmaces.com\/wp-content\/uploads\/2025\/09\/CARTEL-TRAIL-PICOZO-2025-1.png\",\"contentUrl\":\"https:\/\/www.triatlonpalmaces.com\/wp-content\/uploads\/2025\/09\/CARTEL-TRAIL-PICOZO-2025-1.png\",\"width\":1587,\"height\":2245},{\"@type\":\"BreadcrumbList\",\"@id\":\"https:\/\/www.triatlonpalmaces.com\/?page_id=817#breadcrumb\",\"itemListElement\":[{\"@type\":\"ListItem\",\"position\":1,\"name\":\"Portada\",\"item\":\"https:\/\/www.triatlonpalmaces.com\/\"},{\"@type\":\"ListItem\",\"position\":2,\"name\":\"Trail del Picozo\",\"item\":\"https:\/\/www.triatlonpalmaces.com\/?page_id=91\"},{\"@type\":\"ListItem\",\"position\":3,\"name\":\"Inscripciones Trail del Picozo\"}]},{\"@type\":\"WebSite\",\"@id\":\"https:\/\/www.triatlonpalmaces.com\/#website\",\"url\":\"https:\/\/www.triatlonpalmaces.com\/\",\"name\":\"Triatl\u00f3n de P\u00e1lmaces\",\"description\":\"Web oficial del Triatl\u00f3n y de la Traves\u00eda de P\u00e1lmaces, y del Trail del Picozo\",\"publisher\":{\"@id\":\"https:\/\/www.triatlonpalmaces.com\/#organization\"},\"potentialAction\":[{\"@type\":\"SearchAction\",\"target\":{\"@type\":\"EntryPoint\",\"urlTemplate\":\"https:\/\/www.triatlonpalmaces.com\/?s={search_term_string}\"},\"query-input\":\"required name=search_term_string\"}],\"inLanguage\":\"es\"},{\"@type\":\"Organization\",\"@id\":\"https:\/\/www.triatlonpalmaces.com\/#organization\",\"name\":\"Triatl\u00f3n de P\u00e1lmaces\",\"url\":\"https:\/\/www.triatlonpalmaces.com\/\",\"logo\":{\"@type\":\"ImageObject\",\"inLanguage\":\"es\",\"@id\":\"https:\/\/www.triatlonpalmaces.com\/#\/schema\/logo\/image\/\",\"url\":\"https:\/\/www.triatlonpalmaces.com\/wp-content\/uploads\/2024\/09\/LOGO-MINIATURA-WEB-BLANCO.png\",\"contentUrl\":\"https:\/\/www.triatlonpalmaces.com\/wp-content\/uploads\/2024\/09\/LOGO-MINIATURA-WEB-BLANCO.png\",\"width\":853,\"height\":903,\"caption\":\"Triatl\u00f3n de P\u00e1lmaces\"},\"image\":{\"@id\":\"https:\/\/www.triatlonpalmaces.com\/#\/schema\/logo\/image\/\"}}]}<\/script>\n<!-- \/ Yoast SEO plugin. -->","yoast_head_json":{"title":"Inscripciones Trail del Picozo - Triatl\u00f3n de P\u00e1lmaces","robots":{"index":"index","follow":"follow","max-snippet":"max-snippet:-1","max-image-preview":"max-image-preview:large","max-video-preview":"max-video-preview:-1"},"canonical":"https:\/\/www.triatlonpalmaces.com\/?page_id=817","og_locale":"es_ES","og_type":"article","og_title":"Inscripciones Trail del Picozo - Triatl\u00f3n de P\u00e1lmaces","og_description":"\u00a1Ya puedes realizar tu inscripci\u00f3n para el XII Trail del Picozo! Jueves 30 de octubre \u00daLTIMO D\u00cdA DE INSCRIPCI\u00d3N ONLINE Dos distancias: 10km (360 m+) y 17 km (650 m+)","og_url":"https:\/\/www.triatlonpalmaces.com\/?page_id=817","og_site_name":"Triatl\u00f3n de P\u00e1lmaces","article_modified_time":"2025-10-25T14:53:37+00:00","og_image":[{"url":"https:\/\/www.triatlonpalmaces.com\/wp-content\/uploads\/2025\/09\/CARTEL-TRAIL-PICOZO-2025-1.png"}],"twitter_card":"summary_large_image","twitter_misc":{"Tiempo de lectura":"1 minuto"},"schema":{"@context":"https:\/\/schema.org","@graph":[{"@type":"WebPage","@id":"https:\/\/www.triatlonpalmaces.com\/?page_id=817","url":"https:\/\/www.triatlonpalmaces.com\/?page_id=817","name":"Inscripciones Trail del Picozo - Triatl\u00f3n de P\u00e1lmaces","isPartOf":{"@id":"https:\/\/www.triatlonpalmaces.com\/#website"},"primaryImageOfPage":{"@id":"https:\/\/www.triatlonpalmaces.com\/?page_id=817#primaryimage"},"image":{"@id":"https:\/\/www.triatlonpalmaces.com\/?page_id=817#primaryimage"},"thumbnailUrl":"https:\/\/www.triatlonpalmaces.com\/wp-content\/uploads\/2025\/09\/CARTEL-TRAIL-PICOZO-2025-1.png","datePublished":"2023-09-14T10:00:32+00:00","dateModified":"2025-10-25T14:53:37+00:00","breadcrumb":{"@id":"https:\/\/www.triatlonpalmaces.com\/?page_id=817#breadcrumb"},"inLanguage":"es","potentialAction":[{"@type":"ReadAction","target":["https:\/\/www.triatlonpalmaces.com\/?page_id=817"]}]},{"@type":"ImageObject","inLanguage":"es","@id":"https:\/\/www.triatlonpalmaces.com\/?page_id=817#primaryimage","url":"https:\/\/www.triatlonpalmaces.com\/wp-content\/uploads\/2025\/09\/CARTEL-TRAIL-PICOZO-2025-1.png","contentUrl":"https:\/\/www.triatlonpalmaces.com\/wp-content\/uploads\/2025\/09\/CARTEL-TRAIL-PICOZO-2025-1.png","width":1587,"height":2245},{"@type":"BreadcrumbList","@id":"https:\/\/www.triatlonpalmaces.com\/?page_id=817#breadcrumb","itemListElement":[{"@type":"ListItem","position":1,"name":"Portada","item":"https:\/\/www.triatlonpalmaces.com\/"},{"@type":"ListItem","position":2,"name":"Trail del Picozo","item":"https:\/\/www.triatlonpalmaces.com\/?page_id=91"},{"@type":"ListItem","position":3,"name":"Inscripciones Trail del Picozo"}]},{"@type":"WebSite","@id":"https:\/\/www.triatlonpalmaces.com\/#website","url":"https:\/\/www.triatlonpalmaces.com\/","name":"Triatl\u00f3n de P\u00e1lmaces","description":"Web oficial del Triatl\u00f3n y de la Traves\u00eda de P\u00e1lmaces, y del Trail del Picozo","publisher":{"@id":"https:\/\/www.triatlonpalmaces.com\/#organization"},"potentialAction":[{"@type":"SearchAction","target":{"@type":"EntryPoint","urlTemplate":"https:\/\/www.triatlonpalmaces.com\/?s={search_term_string}"},"query-input":"required name=search_term_string"}],"inLanguage":"es"},{"@type":"Organization","@id":"https:\/\/www.triatlonpalmaces.com\/#organization","name":"Triatl\u00f3n de P\u00e1lmaces","url":"https:\/\/www.triatlonpalmaces.com\/","logo":{"@type":"ImageObject","inLanguage":"es","@id":"https:\/\/www.triatlonpalmaces.com\/#\/schema\/logo\/image\/","url":"https:\/\/www.triatlonpalmaces.com\/wp-content\/uploads\/2024\/09\/LOGO-MINIATURA-WEB-BLANCO.png","contentUrl":"https:\/\/www.triatlonpalmaces.com\/wp-content\/uploads\/2024\/09\/LOGO-MINIATURA-WEB-BLANCO.png","width":853,"height":903,"caption":"Triatl\u00f3n de P\u00e1lmaces"},"image":{"@id":"https:\/\/www.triatlonpalmaces.com\/#\/schema\/logo\/image\/"}}]}},"_links":{"self":[{"href":"https:\/\/www.triatlonpalmaces.com\/index.php?rest_route=\/wp\/v2\/pages\/817","targetHints":{"allow":["GET"]}}],"collection":[{"href":"https:\/\/www.triatlonpalmaces.com\/index.php?rest_route=\/wp\/v2\/pages"}],"about":[{"href":"https:\/\/www.triatlonpalmaces.com\/index.php?rest_route=\/wp\/v2\/types\/page"}],"author":[{"embeddable":true,"href":"https:\/\/www.triatlonpalmaces.com\/index.php?rest_route=\/wp\/v2\/users\/3"}],"replies":[{"embeddable":true,"href":"https:\/\/www.triatlonpalmaces.com\/index.php?rest_route=%2Fwp%2Fv2%2Fcomments&post=817"}],"version-history":[{"count":12,"href":"https:\/\/www.triatlonpalmaces.com\/index.php?rest_route=\/wp\/v2\/pages\/817\/revisions"}],"predecessor-version":[{"id":2213,"href":"https:\/\/www.triatlonpalmaces.com\/index.php?rest_route=\/wp\/v2\/pages\/817\/revisions\/2213"}],"up":[{"embeddable":true,"href":"https:\/\/www.triatlonpalmaces.com\/index.php?rest_route=\/wp\/v2\/pages\/91"}],"wp:attachment":[{"href":"https:\/\/www.triatlonpalmaces.com\/index.php?rest_route=%2Fwp%2Fv2%2Fmedia&parent=817"}],"curies":[{"name":"wp","href":"https:\/\/api.w.org\/{rel}","templated":true}]}}