{"id":858,"date":"2023-09-29T14:11:32","date_gmt":"2023-09-29T13:11:32","guid":{"rendered":"https:\/\/www.triatlonpalmaces.com\/?page_id=858"},"modified":"2025-11-02T11:33:54","modified_gmt":"2025-11-02T10:33:54","slug":"clasificaciones-trail-del-picozo","status":"publish","type":"page","link":"https:\/\/www.triatlonpalmaces.com\/?page_id=858","title":{"rendered":"Clasificaciones Trail del Picozo"},"content":{"rendered":"\n<p><strong>Clasificaciones 2025<\/strong><\/p>\n\n\n\n<ul class=\"wp-block-list\">\n<li><a href=\"https:\/\/results.sporthive.com\/events\/7388484483844367616\/races\/5\" target=\"_blank\" rel=\"noreferrer noopener\">17km<\/a><\/li>\n\n\n\n<li><a href=\"https:\/\/results.sporthive.com\/events\/7388484483844367616\/races\/1\" target=\"_blank\" rel=\"noreferrer noopener\">10km<\/a><\/li>\n<\/ul>\n\n\n\n<p><strong>Clasificaciones 2024<\/strong><\/p>\n\n\n\n<ul class=\"wp-block-list\">\n<li><a href=\"https:\/\/www.triatlonpalmaces.com\/wp-content\/uploads\/2024\/11\/ClasificacionXITraildelPicozo-2024-17km.pdf\">17k<\/a><a href=\"https:\/\/www.triatlonpalmaces.com\/wp-content\/uploads\/2024\/11\/ClasificacionXITraildelPicozo-2024-17km.pdf\" target=\"_blank\" rel=\"noreferrer noopener\">m<\/a><\/li>\n\n\n\n<li><a href=\"https:\/\/www.triatlonpalmaces.com\/wp-content\/uploads\/2024\/11\/ClasificacionXITraildelPicozo-2024-10-km.pdf\" target=\"_blank\" rel=\"noreferrer noopener\">10km<\/a><\/li>\n<\/ul>\n\n\n\n<p><strong>Clasificaciones 2023<\/strong><\/p>\n\n\n\n<ul class=\"wp-block-list\">\n<li><a href=\"https:\/\/www.triatlonpalmaces.com\/wp-content\/uploads\/2023\/10\/ClasificacionXTraildelPicozo-17km.pdf\" target=\"_blank\" rel=\"noopener\" title=\"17km\">17km<\/a><\/li>\n\n\n\n<li><a href=\"https:\/\/www.triatlonpalmaces.com\/wp-content\/uploads\/2023\/10\/ClasificacionXTraildelPicozo-10km.pdf\" target=\"_blank\" rel=\"noopener\" title=\"10km\">10km<\/a><\/li>\n<\/ul>\n\n\n\n<p><strong>Clasificaciones 2022<\/strong><\/p>\n\n\n\n<ul class=\"wp-block-list\">\n<li><a href=\"https:\/\/www.triatlonpalmaces.com\/wp-content\/uploads\/2023\/09\/ClasificacionesTrail-del-Picozo2022-17-km.pdf\" target=\"_blank\" rel=\"noopener\" title=\"17km\">17km<\/a><\/li>\n\n\n\n<li><a href=\"https:\/\/www.triatlonpalmaces.com\/wp-content\/uploads\/2023\/09\/ClasificacionesTrail-del-Picozo2022-10-km.pdf\" target=\"_blank\" rel=\"noopener\" title=\"10km\">10km<\/a><\/li>\n<\/ul>\n\n\n\n<p><strong>Clasificaciones 2019<\/strong><\/p>\n\n\n\n<ul class=\"wp-block-list\">\n<li><a href=\"https:\/\/www.triatlonpalmaces.com\/wp-content\/uploads\/2023\/09\/ClasificacionesTrail-del-Picozo2019-17km.pdf\" target=\"_blank\" rel=\"noopener\" title=\"17km\">17km<\/a><\/li>\n\n\n\n<li><a href=\"https:\/\/www.triatlonpalmaces.com\/wp-content\/uploads\/2023\/09\/ClasificacionesTrail-del-Picozo2019-10km.pdf\" target=\"_blank\" rel=\"noopener\" title=\"10km\">10km<\/a><\/li>\n<\/ul>\n\n\n\n<p><strong>Clasificaciones 2018<\/strong><\/p>\n\n\n\n<ul class=\"wp-block-list\">\n<li><a href=\"https:\/\/www.triatlonpalmaces.com\/wp-content\/uploads\/2023\/09\/ClasificacionesTrail-del-Picozo2018-17km.pdf\" target=\"_blank\" rel=\"noopener\" title=\"17km\">17km<\/a><\/li>\n\n\n\n<li><a href=\"https:\/\/www.triatlonpalmaces.com\/wp-content\/uploads\/2023\/09\/ClasificacionesTrail-del-Picozo2018-10km.pdf\" target=\"_blank\" rel=\"noopener\" title=\"10km\">10km<\/a><\/li>\n<\/ul>\n\n\n\n<p><strong>Clasificaciones 2017<\/strong><\/p>\n\n\n\n<ul class=\"wp-block-list\">\n<li><a href=\"https:\/\/www.triatlonpalmaces.com\/wp-content\/uploads\/2023\/09\/Clasificaciones-Trail-del-Picozo2017-17km.pdf\" target=\"_blank\" rel=\"noopener\" title=\"21km\">21km<\/a><\/li>\n\n\n\n<li><a href=\"https:\/\/www.triatlonpalmaces.com\/wp-content\/uploads\/2023\/09\/Clasificaciones-Trail-del-Picozo2017-10km.pdf\" target=\"_blank\" rel=\"noopener\" title=\"10km\">10km<\/a><\/li>\n<\/ul>\n\n\n\n<p><strong>Clasificaciones 2016<\/strong><\/p>\n\n\n\n<ul class=\"wp-block-list\">\n<li><a href=\"https:\/\/www.triatlonpalmaces.com\/wp-content\/uploads\/2023\/09\/Clasificaciones-Trail-del-Picozo-2016-17km.pdf\" target=\"_blank\" rel=\"noopener\" title=\"17km\">17km<\/a><\/li>\n<\/ul>\n","protected":false},"excerpt":{"rendered":"<p>Clasificaciones 2025 Clasificaciones 2024 Clasificaciones 2023 Clasificaciones 2022 Clasificaciones 2019 Clasificaciones 2018 Clasificaciones 2017 Clasificaciones 2016<\/p>\n","protected":false},"author":3,"featured_media":0,"parent":91,"menu_order":4,"comment_status":"closed","ping_status":"closed","template":"","meta":{"_monsterinsights_skip_tracking":false,"_monsterinsights_sitenote_active":false,"_monsterinsights_sitenote_note":"","_monsterinsights_sitenote_category":0,"footnotes":""},"class_list":["post-858","page","type-page","status-publish","hentry"],"aioseo_notices":[],"yoast_head":"<!-- This site is optimized with the Yoast SEO plugin v23.2 - https:\/\/yoast.com\/wordpress\/plugins\/seo\/ -->\n<title>Clasificaciones Trail del Picozo - Triatl\u00f3n de P\u00e1lmaces<\/title>\n<meta name=\"robots\" content=\"index, follow, max-snippet:-1, max-image-preview:large, max-video-preview:-1\" \/>\n<link rel=\"canonical\" href=\"https:\/\/www.triatlonpalmaces.com\/?page_id=858\" \/>\n<meta property=\"og:locale\" content=\"es_ES\" \/>\n<meta property=\"og:type\" content=\"article\" \/>\n<meta property=\"og:title\" content=\"Clasificaciones Trail del Picozo - Triatl\u00f3n de P\u00e1lmaces\" \/>\n<meta property=\"og:description\" content=\"Clasificaciones 2025 Clasificaciones 2024 Clasificaciones 2023 Clasificaciones 2022 Clasificaciones 2019 Clasificaciones 2018 Clasificaciones 2017 Clasificaciones 2016\" \/>\n<meta property=\"og:url\" content=\"https:\/\/www.triatlonpalmaces.com\/?page_id=858\" \/>\n<meta property=\"og:site_name\" content=\"Triatl\u00f3n de P\u00e1lmaces\" \/>\n<meta property=\"article:modified_time\" content=\"2025-11-02T10:33:54+00:00\" \/>\n<meta name=\"twitter:card\" content=\"summary_large_image\" \/>\n<meta name=\"twitter:label1\" content=\"Tiempo de lectura\" \/>\n\t<meta name=\"twitter:data1\" content=\"1 minuto\" \/>\n<script type=\"application\/ld+json\" class=\"yoast-schema-graph\">{\"@context\":\"https:\/\/schema.org\",\"@graph\":[{\"@type\":\"WebPage\",\"@id\":\"https:\/\/www.triatlonpalmaces.com\/?page_id=858\",\"url\":\"https:\/\/www.triatlonpalmaces.com\/?page_id=858\",\"name\":\"Clasificaciones Trail del Picozo - Triatl\u00f3n de P\u00e1lmaces\",\"isPartOf\":{\"@id\":\"https:\/\/www.triatlonpalmaces.com\/#website\"},\"datePublished\":\"2023-09-29T13:11:32+00:00\",\"dateModified\":\"2025-11-02T10:33:54+00:00\",\"breadcrumb\":{\"@id\":\"https:\/\/www.triatlonpalmaces.com\/?page_id=858#breadcrumb\"},\"inLanguage\":\"es\",\"potentialAction\":[{\"@type\":\"ReadAction\",\"target\":[\"https:\/\/www.triatlonpalmaces.com\/?page_id=858\"]}]},{\"@type\":\"BreadcrumbList\",\"@id\":\"https:\/\/www.triatlonpalmaces.com\/?page_id=858#breadcrumb\",\"itemListElement\":[{\"@type\":\"ListItem\",\"position\":1,\"name\":\"Portada\",\"item\":\"https:\/\/www.triatlonpalmaces.com\/\"},{\"@type\":\"ListItem\",\"position\":2,\"name\":\"Trail del Picozo\",\"item\":\"https:\/\/www.triatlonpalmaces.com\/?page_id=91\"},{\"@type\":\"ListItem\",\"position\":3,\"name\":\"Clasificaciones Trail del Picozo\"}]},{\"@type\":\"WebSite\",\"@id\":\"https:\/\/www.triatlonpalmaces.com\/#website\",\"url\":\"https:\/\/www.triatlonpalmaces.com\/\",\"name\":\"Triatl\u00f3n de P\u00e1lmaces\",\"description\":\"Web oficial del Triatl\u00f3n y de la Traves\u00eda de P\u00e1lmaces, y del Trail del Picozo\",\"publisher\":{\"@id\":\"https:\/\/www.triatlonpalmaces.com\/#organization\"},\"potentialAction\":[{\"@type\":\"SearchAction\",\"target\":{\"@type\":\"EntryPoint\",\"urlTemplate\":\"https:\/\/www.triatlonpalmaces.com\/?s={search_term_string}\"},\"query-input\":\"required name=search_term_string\"}],\"inLanguage\":\"es\"},{\"@type\":\"Organization\",\"@id\":\"https:\/\/www.triatlonpalmaces.com\/#organization\",\"name\":\"Triatl\u00f3n de P\u00e1lmaces\",\"url\":\"https:\/\/www.triatlonpalmaces.com\/\",\"logo\":{\"@type\":\"ImageObject\",\"inLanguage\":\"es\",\"@id\":\"https:\/\/www.triatlonpalmaces.com\/#\/schema\/logo\/image\/\",\"url\":\"https:\/\/www.triatlonpalmaces.com\/wp-content\/uploads\/2024\/09\/LOGO-MINIATURA-WEB-BLANCO.png\",\"contentUrl\":\"https:\/\/www.triatlonpalmaces.com\/wp-content\/uploads\/2024\/09\/LOGO-MINIATURA-WEB-BLANCO.png\",\"width\":853,\"height\":903,\"caption\":\"Triatl\u00f3n de P\u00e1lmaces\"},\"image\":{\"@id\":\"https:\/\/www.triatlonpalmaces.com\/#\/schema\/logo\/image\/\"}}]}<\/script>\n<!-- \/ Yoast SEO plugin. -->","yoast_head_json":{"title":"Clasificaciones Trail del Picozo - Triatl\u00f3n de P\u00e1lmaces","robots":{"index":"index","follow":"follow","max-snippet":"max-snippet:-1","max-image-preview":"max-image-preview:large","max-video-preview":"max-video-preview:-1"},"canonical":"https:\/\/www.triatlonpalmaces.com\/?page_id=858","og_locale":"es_ES","og_type":"article","og_title":"Clasificaciones Trail del Picozo - Triatl\u00f3n de P\u00e1lmaces","og_description":"Clasificaciones 2025 Clasificaciones 2024 Clasificaciones 2023 Clasificaciones 2022 Clasificaciones 2019 Clasificaciones 2018 Clasificaciones 2017 Clasificaciones 2016","og_url":"https:\/\/www.triatlonpalmaces.com\/?page_id=858","og_site_name":"Triatl\u00f3n de P\u00e1lmaces","article_modified_time":"2025-11-02T10:33:54+00:00","twitter_card":"summary_large_image","twitter_misc":{"Tiempo de lectura":"1 minuto"},"schema":{"@context":"https:\/\/schema.org","@graph":[{"@type":"WebPage","@id":"https:\/\/www.triatlonpalmaces.com\/?page_id=858","url":"https:\/\/www.triatlonpalmaces.com\/?page_id=858","name":"Clasificaciones Trail del Picozo - Triatl\u00f3n de P\u00e1lmaces","isPartOf":{"@id":"https:\/\/www.triatlonpalmaces.com\/#website"},"datePublished":"2023-09-29T13:11:32+00:00","dateModified":"2025-11-02T10:33:54+00:00","breadcrumb":{"@id":"https:\/\/www.triatlonpalmaces.com\/?page_id=858#breadcrumb"},"inLanguage":"es","potentialAction":[{"@type":"ReadAction","target":["https:\/\/www.triatlonpalmaces.com\/?page_id=858"]}]},{"@type":"BreadcrumbList","@id":"https:\/\/www.triatlonpalmaces.com\/?page_id=858#breadcrumb","itemListElement":[{"@type":"ListItem","position":1,"name":"Portada","item":"https:\/\/www.triatlonpalmaces.com\/"},{"@type":"ListItem","position":2,"name":"Trail del Picozo","item":"https:\/\/www.triatlonpalmaces.com\/?page_id=91"},{"@type":"ListItem","position":3,"name":"Clasificaciones Trail del Picozo"}]},{"@type":"WebSite","@id":"https:\/\/www.triatlonpalmaces.com\/#website","url":"https:\/\/www.triatlonpalmaces.com\/","name":"Triatl\u00f3n de P\u00e1lmaces","description":"Web oficial del Triatl\u00f3n y de la Traves\u00eda de P\u00e1lmaces, y del Trail del Picozo","publisher":{"@id":"https:\/\/www.triatlonpalmaces.com\/#organization"},"potentialAction":[{"@type":"SearchAction","target":{"@type":"EntryPoint","urlTemplate":"https:\/\/www.triatlonpalmaces.com\/?s={search_term_string}"},"query-input":"required name=search_term_string"}],"inLanguage":"es"},{"@type":"Organization","@id":"https:\/\/www.triatlonpalmaces.com\/#organization","name":"Triatl\u00f3n de P\u00e1lmaces","url":"https:\/\/www.triatlonpalmaces.com\/","logo":{"@type":"ImageObject","inLanguage":"es","@id":"https:\/\/www.triatlonpalmaces.com\/#\/schema\/logo\/image\/","url":"https:\/\/www.triatlonpalmaces.com\/wp-content\/uploads\/2024\/09\/LOGO-MINIATURA-WEB-BLANCO.png","contentUrl":"https:\/\/www.triatlonpalmaces.com\/wp-content\/uploads\/2024\/09\/LOGO-MINIATURA-WEB-BLANCO.png","width":853,"height":903,"caption":"Triatl\u00f3n de P\u00e1lmaces"},"image":{"@id":"https:\/\/www.triatlonpalmaces.com\/#\/schema\/logo\/image\/"}}]}},"_links":{"self":[{"href":"https:\/\/www.triatlonpalmaces.com\/index.php?rest_route=\/wp\/v2\/pages\/858","targetHints":{"allow":["GET"]}}],"collection":[{"href":"https:\/\/www.triatlonpalmaces.com\/index.php?rest_route=\/wp\/v2\/pages"}],"about":[{"href":"https:\/\/www.triatlonpalmaces.com\/index.php?rest_route=\/wp\/v2\/types\/page"}],"author":[{"embeddable":true,"href":"https:\/\/www.triatlonpalmaces.com\/index.php?rest_route=\/wp\/v2\/users\/3"}],"replies":[{"embeddable":true,"href":"https:\/\/www.triatlonpalmaces.com\/index.php?rest_route=%2Fwp%2Fv2%2Fcomments&post=858"}],"version-history":[{"count":8,"href":"https:\/\/www.triatlonpalmaces.com\/index.php?rest_route=\/wp\/v2\/pages\/858\/revisions"}],"predecessor-version":[{"id":2222,"href":"https:\/\/www.triatlonpalmaces.com\/index.php?rest_route=\/wp\/v2\/pages\/858\/revisions\/2222"}],"up":[{"embeddable":true,"href":"https:\/\/www.triatlonpalmaces.com\/index.php?rest_route=\/wp\/v2\/pages\/91"}],"wp:attachment":[{"href":"https:\/\/www.triatlonpalmaces.com\/index.php?rest_route=%2Fwp%2Fv2%2Fmedia&parent=858"}],"curies":[{"name":"wp","href":"https:\/\/api.w.org\/{rel}","templated":true}]}}