{"id":89,"date":"2022-05-10T21:12:12","date_gmt":"2022-05-10T20:12:12","guid":{"rendered":"http:\/\/www.triatlonpalmaces.com\/?page_id=89"},"modified":"2025-06-06T18:19:04","modified_gmt":"2025-06-06T17:19:04","slug":"travesia","status":"publish","type":"page","link":"https:\/\/www.triatlonpalmaces.com\/?page_id=89","title":{"rendered":"Traves\u00eda"},"content":{"rendered":"\n<p>El <strong>2 de agosto de 2025<\/strong>, la Traves\u00eda de P\u00e1lmaces celebrar\u00e1 su <strong>XXXVI<\/strong> edici\u00f3n, siendo la prueba deportiva m\u00e1s longeva de P\u00e1lmaces.<\/p>\n\n\n\n<p>3 distancias: 500m., 1500m. y 3000m. <\/p>\n\n\n\n<p>Puedes consultar la informaci\u00f3n relativa a la prueba en la secci\u00f3n <a href=\"https:\/\/www.triatlonpalmaces.com\/?page_id=224\" title=\"&quot;Reglamento&quot;\">\u00abReglamento\u00bb<\/a><\/p>\n\n\n\n<p>Las <strong>inscripciones<\/strong> ya est\u00e1n <strong>disponibles<\/strong> en la secci\u00f3n <a title=\"&quot;Inscripciones&quot;\" href=\"https:\/\/www.triatlonpalmaces.com\/?page_id=227\">\u00abTraves\u00eda-Inscripciones\u00bb<\/a> de esta p\u00e1gina web y en <a href=\"https:\/\/youevent.es\/sport\/Tabla_FichaEventoDeportivo.asp?id_competicion=8118\">youevent.es<\/a><\/p>\n\n\n\n<div class=\"wp-block-buttons is-content-justification-center is-layout-flex wp-container-core-buttons-is-layout-a89b3969 wp-block-buttons-is-layout-flex\">\n<div class=\"wp-block-button has-custom-width wp-block-button__width-50 is-style-fill\"><a class=\"wp-block-button__link has-medium-font-size has-text-align-center has-custom-font-size wp-element-button\" href=\"https:\/\/www.triatlonpalmaces.com\/?page_id=227\" style=\"border-style:none;border-width:0px;border-radius:0px;padding-top:var(--wp--preset--spacing--10);padding-right:0px;padding-bottom:var(--wp--preset--spacing--10);padding-left:0px;line-height:1.5\">\u00a1inscr\u00edbete!<\/a><\/div>\n\n\n\n<div class=\"wp-block-button has-custom-width wp-block-button__width-50 is-style-fill\"><a class=\"wp-block-button__link has-medium-font-size has-custom-font-size wp-element-button\" href=\"https:\/\/www.triatlonpalmaces.com\/?page_id=1788\" style=\"border-style:none;border-width:0px;border-radius:0px;padding-top:var(--wp--preset--spacing--10);padding-right:0px;padding-bottom:var(--wp--preset--spacing--10);padding-left:0px;line-height:1.5\">m\u00e1s informaci\u00f3n<\/a><\/div>\n<\/div>\n\n\n\n<figure class=\"wp-block-image size-large\"><img loading=\"lazy\" decoding=\"async\" width=\"724\" height=\"1024\" src=\"https:\/\/www.triatlonpalmaces.com\/wp-content\/uploads\/2025\/06\/CARTEL-TRAVESIA-PALMACES-2025-724x1024.png\" alt=\"\" class=\"wp-image-1763\" srcset=\"https:\/\/www.triatlonpalmaces.com\/wp-content\/uploads\/2025\/06\/CARTEL-TRAVESIA-PALMACES-2025-724x1024.png 724w, https:\/\/www.triatlonpalmaces.com\/wp-content\/uploads\/2025\/06\/CARTEL-TRAVESIA-PALMACES-2025-212x300.png 212w, https:\/\/www.triatlonpalmaces.com\/wp-content\/uploads\/2025\/06\/CARTEL-TRAVESIA-PALMACES-2025-768x1086.png 768w, https:\/\/www.triatlonpalmaces.com\/wp-content\/uploads\/2025\/06\/CARTEL-TRAVESIA-PALMACES-2025-1086x1536.png 1086w, https:\/\/www.triatlonpalmaces.com\/wp-content\/uploads\/2025\/06\/CARTEL-TRAVESIA-PALMACES-2025-1448x2048.png 1448w, https:\/\/www.triatlonpalmaces.com\/wp-content\/uploads\/2025\/06\/CARTEL-TRAVESIA-PALMACES-2025.png 1587w\" sizes=\"auto, (max-width: 724px) 100vw, 724px\" \/><\/figure>\n\n\n\n<p><strong>PUNTOS DE INTER\u00c9S TRAVES\u00cdA DE P\u00c1LMACES<\/strong><\/p>\n\n\n\n<figure class=\"wp-block-image size-large\"><img loading=\"lazy\" decoding=\"async\" width=\"1024\" height=\"595\" src=\"https:\/\/www.triatlonpalmaces.com\/wp-content\/uploads\/2024\/07\/Puntos-de-interes-Travesia-Palmaces-1-1024x595.png\" alt=\"\" class=\"wp-image-1163\" srcset=\"https:\/\/www.triatlonpalmaces.com\/wp-content\/uploads\/2024\/07\/Puntos-de-interes-Travesia-Palmaces-1-1024x595.png 1024w, https:\/\/www.triatlonpalmaces.com\/wp-content\/uploads\/2024\/07\/Puntos-de-interes-Travesia-Palmaces-1-300x174.png 300w, https:\/\/www.triatlonpalmaces.com\/wp-content\/uploads\/2024\/07\/Puntos-de-interes-Travesia-Palmaces-1-768x446.png 768w, https:\/\/www.triatlonpalmaces.com\/wp-content\/uploads\/2024\/07\/Puntos-de-interes-Travesia-Palmaces-1-500x290.png 500w, https:\/\/www.triatlonpalmaces.com\/wp-content\/uploads\/2024\/07\/Puntos-de-interes-Travesia-Palmaces-1.png 1240w\" sizes=\"auto, (max-width: 1024px) 100vw, 1024px\" \/><\/figure>\n","protected":false},"excerpt":{"rendered":"<p>El 2 de agosto de 2025, la Traves\u00eda de P\u00e1lmaces celebrar\u00e1 su XXXVI edici\u00f3n, siendo la prueba deportiva m\u00e1s longeva de P\u00e1lmaces. 3 distancias: 500m., 1500m. y 3000m. Puedes consultar la informaci\u00f3n relativa a la prueba en la secci\u00f3n \u00abReglamento\u00bb Las inscripciones ya est\u00e1n disponibles en la secci\u00f3n \u00abTraves\u00eda-Inscripciones\u00bb de esta p\u00e1gina web y en [&hellip;]<\/p>\n","protected":false},"author":3,"featured_media":0,"parent":0,"menu_order":7,"comment_status":"closed","ping_status":"closed","template":"","meta":{"_monsterinsights_skip_tracking":false,"_monsterinsights_sitenote_active":false,"_monsterinsights_sitenote_note":"","_monsterinsights_sitenote_category":0,"footnotes":""},"class_list":["post-89","page","type-page","status-publish","hentry"],"aioseo_notices":[],"yoast_head":"<!-- This site is optimized with the Yoast SEO plugin v23.2 - https:\/\/yoast.com\/wordpress\/plugins\/seo\/ -->\n<title>Traves\u00eda - Triatl\u00f3n de P\u00e1lmaces<\/title>\n<meta name=\"robots\" content=\"index, follow, max-snippet:-1, max-image-preview:large, max-video-preview:-1\" \/>\n<link rel=\"canonical\" href=\"https:\/\/www.triatlonpalmaces.com\/?page_id=89\" \/>\n<meta property=\"og:locale\" content=\"es_ES\" \/>\n<meta property=\"og:type\" content=\"article\" \/>\n<meta property=\"og:title\" content=\"Traves\u00eda - Triatl\u00f3n de P\u00e1lmaces\" \/>\n<meta property=\"og:description\" content=\"El 2 de agosto de 2025, la Traves\u00eda de P\u00e1lmaces celebrar\u00e1 su XXXVI edici\u00f3n, siendo la prueba deportiva m\u00e1s longeva de P\u00e1lmaces. 3 distancias: 500m., 1500m. y 3000m. Puedes consultar la informaci\u00f3n relativa a la prueba en la secci\u00f3n \u00abReglamento\u00bb Las inscripciones ya est\u00e1n disponibles en la secci\u00f3n \u00abTraves\u00eda-Inscripciones\u00bb de esta p\u00e1gina web y en [&hellip;]\" \/>\n<meta property=\"og:url\" content=\"https:\/\/www.triatlonpalmaces.com\/?page_id=89\" \/>\n<meta property=\"og:site_name\" content=\"Triatl\u00f3n de P\u00e1lmaces\" \/>\n<meta property=\"article:modified_time\" content=\"2025-06-06T17:19:04+00:00\" \/>\n<meta property=\"og:image\" content=\"https:\/\/www.triatlonpalmaces.com\/wp-content\/uploads\/2025\/06\/CARTEL-TRAVESIA-PALMACES-2025-724x1024.png\" \/>\n<meta name=\"twitter:card\" content=\"summary_large_image\" \/>\n<meta name=\"twitter:label1\" content=\"Tiempo de lectura\" \/>\n\t<meta name=\"twitter:data1\" content=\"1 minuto\" \/>\n<script type=\"application\/ld+json\" class=\"yoast-schema-graph\">{\"@context\":\"https:\/\/schema.org\",\"@graph\":[{\"@type\":\"WebPage\",\"@id\":\"https:\/\/www.triatlonpalmaces.com\/?page_id=89\",\"url\":\"https:\/\/www.triatlonpalmaces.com\/?page_id=89\",\"name\":\"Traves\u00eda - Triatl\u00f3n de P\u00e1lmaces\",\"isPartOf\":{\"@id\":\"https:\/\/www.triatlonpalmaces.com\/#website\"},\"primaryImageOfPage\":{\"@id\":\"https:\/\/www.triatlonpalmaces.com\/?page_id=89#primaryimage\"},\"image\":{\"@id\":\"https:\/\/www.triatlonpalmaces.com\/?page_id=89#primaryimage\"},\"thumbnailUrl\":\"https:\/\/www.triatlonpalmaces.com\/wp-content\/uploads\/2025\/06\/CARTEL-TRAVESIA-PALMACES-2025-724x1024.png\",\"datePublished\":\"2022-05-10T20:12:12+00:00\",\"dateModified\":\"2025-06-06T17:19:04+00:00\",\"breadcrumb\":{\"@id\":\"https:\/\/www.triatlonpalmaces.com\/?page_id=89#breadcrumb\"},\"inLanguage\":\"es\",\"potentialAction\":[{\"@type\":\"ReadAction\",\"target\":[\"https:\/\/www.triatlonpalmaces.com\/?page_id=89\"]}]},{\"@type\":\"ImageObject\",\"inLanguage\":\"es\",\"@id\":\"https:\/\/www.triatlonpalmaces.com\/?page_id=89#primaryimage\",\"url\":\"https:\/\/www.triatlonpalmaces.com\/wp-content\/uploads\/2025\/06\/CARTEL-TRAVESIA-PALMACES-2025.png\",\"contentUrl\":\"https:\/\/www.triatlonpalmaces.com\/wp-content\/uploads\/2025\/06\/CARTEL-TRAVESIA-PALMACES-2025.png\",\"width\":1587,\"height\":2245},{\"@type\":\"BreadcrumbList\",\"@id\":\"https:\/\/www.triatlonpalmaces.com\/?page_id=89#breadcrumb\",\"itemListElement\":[{\"@type\":\"ListItem\",\"position\":1,\"name\":\"Portada\",\"item\":\"https:\/\/www.triatlonpalmaces.com\/\"},{\"@type\":\"ListItem\",\"position\":2,\"name\":\"Traves\u00eda\"}]},{\"@type\":\"WebSite\",\"@id\":\"https:\/\/www.triatlonpalmaces.com\/#website\",\"url\":\"https:\/\/www.triatlonpalmaces.com\/\",\"name\":\"Triatl\u00f3n de P\u00e1lmaces\",\"description\":\"Web oficial del Triatl\u00f3n y de la Traves\u00eda de P\u00e1lmaces, y del Trail del Picozo\",\"publisher\":{\"@id\":\"https:\/\/www.triatlonpalmaces.com\/#organization\"},\"potentialAction\":[{\"@type\":\"SearchAction\",\"target\":{\"@type\":\"EntryPoint\",\"urlTemplate\":\"https:\/\/www.triatlonpalmaces.com\/?s={search_term_string}\"},\"query-input\":\"required name=search_term_string\"}],\"inLanguage\":\"es\"},{\"@type\":\"Organization\",\"@id\":\"https:\/\/www.triatlonpalmaces.com\/#organization\",\"name\":\"Triatl\u00f3n de P\u00e1lmaces\",\"url\":\"https:\/\/www.triatlonpalmaces.com\/\",\"logo\":{\"@type\":\"ImageObject\",\"inLanguage\":\"es\",\"@id\":\"https:\/\/www.triatlonpalmaces.com\/#\/schema\/logo\/image\/\",\"url\":\"https:\/\/www.triatlonpalmaces.com\/wp-content\/uploads\/2024\/09\/LOGO-MINIATURA-WEB-BLANCO.png\",\"contentUrl\":\"https:\/\/www.triatlonpalmaces.com\/wp-content\/uploads\/2024\/09\/LOGO-MINIATURA-WEB-BLANCO.png\",\"width\":853,\"height\":903,\"caption\":\"Triatl\u00f3n de P\u00e1lmaces\"},\"image\":{\"@id\":\"https:\/\/www.triatlonpalmaces.com\/#\/schema\/logo\/image\/\"}}]}<\/script>\n<!-- \/ Yoast SEO plugin. -->","yoast_head_json":{"title":"Traves\u00eda - Triatl\u00f3n de P\u00e1lmaces","robots":{"index":"index","follow":"follow","max-snippet":"max-snippet:-1","max-image-preview":"max-image-preview:large","max-video-preview":"max-video-preview:-1"},"canonical":"https:\/\/www.triatlonpalmaces.com\/?page_id=89","og_locale":"es_ES","og_type":"article","og_title":"Traves\u00eda - Triatl\u00f3n de P\u00e1lmaces","og_description":"El 2 de agosto de 2025, la Traves\u00eda de P\u00e1lmaces celebrar\u00e1 su XXXVI edici\u00f3n, siendo la prueba deportiva m\u00e1s longeva de P\u00e1lmaces. 3 distancias: 500m., 1500m. y 3000m. Puedes consultar la informaci\u00f3n relativa a la prueba en la secci\u00f3n \u00abReglamento\u00bb Las inscripciones ya est\u00e1n disponibles en la secci\u00f3n \u00abTraves\u00eda-Inscripciones\u00bb de esta p\u00e1gina web y en [&hellip;]","og_url":"https:\/\/www.triatlonpalmaces.com\/?page_id=89","og_site_name":"Triatl\u00f3n de P\u00e1lmaces","article_modified_time":"2025-06-06T17:19:04+00:00","og_image":[{"url":"https:\/\/www.triatlonpalmaces.com\/wp-content\/uploads\/2025\/06\/CARTEL-TRAVESIA-PALMACES-2025-724x1024.png"}],"twitter_card":"summary_large_image","twitter_misc":{"Tiempo de lectura":"1 minuto"},"schema":{"@context":"https:\/\/schema.org","@graph":[{"@type":"WebPage","@id":"https:\/\/www.triatlonpalmaces.com\/?page_id=89","url":"https:\/\/www.triatlonpalmaces.com\/?page_id=89","name":"Traves\u00eda - Triatl\u00f3n de P\u00e1lmaces","isPartOf":{"@id":"https:\/\/www.triatlonpalmaces.com\/#website"},"primaryImageOfPage":{"@id":"https:\/\/www.triatlonpalmaces.com\/?page_id=89#primaryimage"},"image":{"@id":"https:\/\/www.triatlonpalmaces.com\/?page_id=89#primaryimage"},"thumbnailUrl":"https:\/\/www.triatlonpalmaces.com\/wp-content\/uploads\/2025\/06\/CARTEL-TRAVESIA-PALMACES-2025-724x1024.png","datePublished":"2022-05-10T20:12:12+00:00","dateModified":"2025-06-06T17:19:04+00:00","breadcrumb":{"@id":"https:\/\/www.triatlonpalmaces.com\/?page_id=89#breadcrumb"},"inLanguage":"es","potentialAction":[{"@type":"ReadAction","target":["https:\/\/www.triatlonpalmaces.com\/?page_id=89"]}]},{"@type":"ImageObject","inLanguage":"es","@id":"https:\/\/www.triatlonpalmaces.com\/?page_id=89#primaryimage","url":"https:\/\/www.triatlonpalmaces.com\/wp-content\/uploads\/2025\/06\/CARTEL-TRAVESIA-PALMACES-2025.png","contentUrl":"https:\/\/www.triatlonpalmaces.com\/wp-content\/uploads\/2025\/06\/CARTEL-TRAVESIA-PALMACES-2025.png","width":1587,"height":2245},{"@type":"BreadcrumbList","@id":"https:\/\/www.triatlonpalmaces.com\/?page_id=89#breadcrumb","itemListElement":[{"@type":"ListItem","position":1,"name":"Portada","item":"https:\/\/www.triatlonpalmaces.com\/"},{"@type":"ListItem","position":2,"name":"Traves\u00eda"}]},{"@type":"WebSite","@id":"https:\/\/www.triatlonpalmaces.com\/#website","url":"https:\/\/www.triatlonpalmaces.com\/","name":"Triatl\u00f3n de P\u00e1lmaces","description":"Web oficial del Triatl\u00f3n y de la Traves\u00eda de P\u00e1lmaces, y del Trail del Picozo","publisher":{"@id":"https:\/\/www.triatlonpalmaces.com\/#organization"},"potentialAction":[{"@type":"SearchAction","target":{"@type":"EntryPoint","urlTemplate":"https:\/\/www.triatlonpalmaces.com\/?s={search_term_string}"},"query-input":"required name=search_term_string"}],"inLanguage":"es"},{"@type":"Organization","@id":"https:\/\/www.triatlonpalmaces.com\/#organization","name":"Triatl\u00f3n de P\u00e1lmaces","url":"https:\/\/www.triatlonpalmaces.com\/","logo":{"@type":"ImageObject","inLanguage":"es","@id":"https:\/\/www.triatlonpalmaces.com\/#\/schema\/logo\/image\/","url":"https:\/\/www.triatlonpalmaces.com\/wp-content\/uploads\/2024\/09\/LOGO-MINIATURA-WEB-BLANCO.png","contentUrl":"https:\/\/www.triatlonpalmaces.com\/wp-content\/uploads\/2024\/09\/LOGO-MINIATURA-WEB-BLANCO.png","width":853,"height":903,"caption":"Triatl\u00f3n de P\u00e1lmaces"},"image":{"@id":"https:\/\/www.triatlonpalmaces.com\/#\/schema\/logo\/image\/"}}]}},"_links":{"self":[{"href":"https:\/\/www.triatlonpalmaces.com\/index.php?rest_route=\/wp\/v2\/pages\/89","targetHints":{"allow":["GET"]}}],"collection":[{"href":"https:\/\/www.triatlonpalmaces.com\/index.php?rest_route=\/wp\/v2\/pages"}],"about":[{"href":"https:\/\/www.triatlonpalmaces.com\/index.php?rest_route=\/wp\/v2\/types\/page"}],"author":[{"embeddable":true,"href":"https:\/\/www.triatlonpalmaces.com\/index.php?rest_route=\/wp\/v2\/users\/3"}],"replies":[{"embeddable":true,"href":"https:\/\/www.triatlonpalmaces.com\/index.php?rest_route=%2Fwp%2Fv2%2Fcomments&post=89"}],"version-history":[{"count":19,"href":"https:\/\/www.triatlonpalmaces.com\/index.php?rest_route=\/wp\/v2\/pages\/89\/revisions"}],"predecessor-version":[{"id":1822,"href":"https:\/\/www.triatlonpalmaces.com\/index.php?rest_route=\/wp\/v2\/pages\/89\/revisions\/1822"}],"wp:attachment":[{"href":"https:\/\/www.triatlonpalmaces.com\/index.php?rest_route=%2Fwp%2Fv2%2Fmedia&parent=89"}],"curies":[{"name":"wp","href":"https:\/\/api.w.org\/{rel}","templated":true}]}}